{"id":4966,"date":"2025-06-28T16:58:56","date_gmt":"2025-06-28T14:58:56","guid":{"rendered":"https:\/\/uj.adatbank.ro\/lexikon\/termek\/bodo-zoltan\/"},"modified":"2025-06-28T16:58:56","modified_gmt":"2025-06-28T14:58:56","slug":"bodo-zoltan","status":"publish","type":"product","link":"https:\/\/uj.adatbank.ro\/lexikon\/termek\/bodo-zoltan\/","title":{"rendered":"BOD\u00d3 Zolt\u00e1n"},"content":{"rendered":"<p>Mv., 1944. dec. 1., \u2020 Mv., 1988. nov. 25.: sz\u00edn\u00e9sz. \u2013 A mv.-i Szentgy\u00f6rgyi Istv\u00e1n Sz\u00ednm\u0171v\u00e9szeti Int\u00e9zetben v\u00e9gzett (1966) \u00e9s a Nemzeti Sz\u00ednh\u00e1z m\u0171v\u00e9sze (1966\u2013). Karakterszerepeit hitelesen alak\u00edtotta. \u2013 <strong>F. sz.:<\/strong> Ifj. Siward (Shakespeare: Macbeth); Katonatiszt (Barta L.: Szerelem); Antal (S\u00fct\u0151 A.: Csillag a m\u00e1gly\u00e1n); Uccu J\u00f3ska (Ters\u00e1nszky J. J.: Kakuk Marci); utols\u00f3 alak\u00edt\u00e1sa Szolgaleg\u00e9ny (Goldoni: Fogad\u00f3sn\u00e9). J\u00e1tszott m\u00e9g: M\u00e9hes Gy\u00f6rgy: Mi f\u00e9rfiak (1968. \u00e1pr.); Szab\u00f3 Lajos: Az otthon sziget\u00e9n (1969. m\u00e1rc.) <br \/><strong>Irod.:<\/strong> H\u00e9t \u00e9vk\u00f6nyve (1982); Id\u0151t\u00e1r 4.; MSZL; [Nekrol\u00f3g] (V. Z., 1988. nov. 25.; 1988. nov. 27.)<\/br><\/p>\n","protected":false},"excerpt":{"rendered":"<p>Mv., 1944. dec. 1., \u2020 Mv., 1988. nov. 25.: sz\u00edn\u00e9sz. \u2013 A mv.-i Szentgy\u00f6rgyi Istv\u00e1n Sz\u00ednm\u0171v\u00e9szeti Int\u00e9zetben v\u00e9gzett (1966) \u00e9s a Nemzeti Sz\u00ednh\u00e1z m\u0171v\u00e9sze (1966\u2013). Karakterszerepeit hitelesen alak\u00edtotta. \u2013 F. sz.: Ifj. Siward (Shakespeare: Macbeth); Katonatiszt (Barta L.: Szerelem); Antal (S\u00fct\u0151 A.: Csillag a m\u00e1gly\u00e1n); Uccu J\u00f3ska (Ters\u00e1nszky J. J.: Kakuk Marci); utols\u00f3 alak\u00edt\u00e1sa Szolgaleg\u00e9ny [&hellip;]<\/p>\n","protected":false},"featured_media":0,"comment_status":"open","ping_status":"closed","template":"","meta":[],"product_brand":[],"product_cat":[137],"product_tag":[],"class_list":{"0":"post-4966","1":"product","2":"type-product","3":"status-publish","5":"product_cat-maros-megyei-eletrajzi-lexikon","7":"first","8":"instock","9":"shipping-taxable","10":"product-type-simple"},"_links":{"self":[{"href":"https:\/\/uj.adatbank.ro\/lexikon\/wp-json\/wp\/v2\/product\/4966","targetHints":{"allow":["GET"]}}],"collection":[{"href":"https:\/\/uj.adatbank.ro\/lexikon\/wp-json\/wp\/v2\/product"}],"about":[{"href":"https:\/\/uj.adatbank.ro\/lexikon\/wp-json\/wp\/v2\/types\/product"}],"replies":[{"embeddable":true,"href":"https:\/\/uj.adatbank.ro\/lexikon\/wp-json\/wp\/v2\/comments?post=4966"}],"wp:attachment":[{"href":"https:\/\/uj.adatbank.ro\/lexikon\/wp-json\/wp\/v2\/media?parent=4966"}],"wp:term":[{"taxonomy":"product_brand","embeddable":true,"href":"https:\/\/uj.adatbank.ro\/lexikon\/wp-json\/wp\/v2\/product_brand?post=4966"},{"taxonomy":"product_cat","embeddable":true,"href":"https:\/\/uj.adatbank.ro\/lexikon\/wp-json\/wp\/v2\/product_cat?post=4966"},{"taxonomy":"product_tag","embeddable":true,"href":"https:\/\/uj.adatbank.ro\/lexikon\/wp-json\/wp\/v2\/product_tag?post=4966"}],"curies":[{"name":"wp","href":"https:\/\/api.w.org\/{rel}","templated":true}]}}