{"id":4967,"date":"2025-06-28T16:58:58","date_gmt":"2025-06-28T14:58:58","guid":{"rendered":"https:\/\/uj.adatbank.ro\/lexikon\/termek\/bodoki-henter-jozsef-henter-jozsef\/"},"modified":"2025-06-28T16:58:58","modified_gmt":"2025-06-28T14:58:58","slug":"bodoki-henter-jozsef-henter-jozsef","status":"publish","type":"product","link":"https:\/\/uj.adatbank.ro\/lexikon\/termek\/bodoki-henter-jozsef-henter-jozsef\/","title":{"rendered":"BODOKI HENTER J\u00f3zsef, Henter J\u00f3zsef"},"content":{"rendered":"<p>? \u2020\u00a0? : tan\u00edt\u00f3. \u2013 Mv.-en subscrib\u00e1lt (1746). Tan\u00edtott H\u00e9derf\u00e1j\u00e1n (1756\u201357), Radn\u00f3ton (1758\u201359), Nagykenden (1761\u201388), Dics\u0151szentm\u00e1rtonban (1788\u201389), Egrest\u0151n (1791\u201393) \u00e9s B\u00faz\u00e1sbeseny\u0151n (1794\u201398). <br \/><strong>Irod.:<\/strong> K\u00fck\u00fcll\u0151i Ref. Egyh\u00e1zm. 1., 2., 4.<\/br><\/p>\n","protected":false},"excerpt":{"rendered":"<p>? \u2020\u00a0? : tan\u00edt\u00f3. \u2013 Mv.-en subscrib\u00e1lt (1746). Tan\u00edtott H\u00e9derf\u00e1j\u00e1n (1756\u201357), Radn\u00f3ton (1758\u201359), Nagykenden (1761\u201388), Dics\u0151szentm\u00e1rtonban (1788\u201389), Egrest\u0151n (1791\u201393) \u00e9s B\u00faz\u00e1sbeseny\u0151n (1794\u201398). Irod.: K\u00fck\u00fcll\u0151i Ref. Egyh\u00e1zm. 1., 2., 4.<\/p>\n","protected":false},"featured_media":0,"comment_status":"open","ping_status":"closed","template":"","meta":[],"product_brand":[],"product_cat":[137],"product_tag":[],"class_list":{"0":"post-4967","1":"product","2":"type-product","3":"status-publish","5":"product_cat-maros-megyei-eletrajzi-lexikon","7":"first","8":"instock","9":"shipping-taxable","10":"product-type-simple"},"_links":{"self":[{"href":"https:\/\/uj.adatbank.ro\/lexikon\/wp-json\/wp\/v2\/product\/4967","targetHints":{"allow":["GET"]}}],"collection":[{"href":"https:\/\/uj.adatbank.ro\/lexikon\/wp-json\/wp\/v2\/product"}],"about":[{"href":"https:\/\/uj.adatbank.ro\/lexikon\/wp-json\/wp\/v2\/types\/product"}],"replies":[{"embeddable":true,"href":"https:\/\/uj.adatbank.ro\/lexikon\/wp-json\/wp\/v2\/comments?post=4967"}],"wp:attachment":[{"href":"https:\/\/uj.adatbank.ro\/lexikon\/wp-json\/wp\/v2\/media?parent=4967"}],"wp:term":[{"taxonomy":"product_brand","embeddable":true,"href":"https:\/\/uj.adatbank.ro\/lexikon\/wp-json\/wp\/v2\/product_brand?post=4967"},{"taxonomy":"product_cat","embeddable":true,"href":"https:\/\/uj.adatbank.ro\/lexikon\/wp-json\/wp\/v2\/product_cat?post=4967"},{"taxonomy":"product_tag","embeddable":true,"href":"https:\/\/uj.adatbank.ro\/lexikon\/wp-json\/wp\/v2\/product_tag?post=4967"}],"curies":[{"name":"wp","href":"https:\/\/api.w.org\/{rel}","templated":true}]}}