{"id":4971,"date":"2025-06-28T16:59:04","date_gmt":"2025-06-28T14:59:04","guid":{"rendered":"https:\/\/uj.adatbank.ro\/lexikon\/termek\/bodolla-bela-zagoni\/"},"modified":"2025-06-28T16:59:04","modified_gmt":"2025-06-28T14:59:04","slug":"bodolla-bela-zagoni","status":"publish","type":"product","link":"https:\/\/uj.adatbank.ro\/lexikon\/termek\/bodolla-bela-zagoni\/","title":{"rendered":"BODOLLA B\u00e9la, z\u00e1goni"},"content":{"rendered":"<p>1864.? \u2020\u00a0Bp., 1927. okt. 22.: b\u00edr\u00f3. \u2013 Testv\u00e9rei: B. Katinka, sz\u00e9kesi Horv\u00e1th Mikl\u00f3sn\u00e9; B. Ferenc, feles\u00e9ge Ternovszky Margit. Feles\u00e9ge: lemh\u00e9nyi B\u00e1linth Irma. Fi\u00fak: B. B\u00e9la, m. kir. honv\u00e9d hadnagy. \u2013 A m. kir. k\u00faria b\u00edr\u00e1ja volt. <br \/><strong>Irod.:<\/strong> Gy\u00e1szjelent\u0151; <\/br><\/p>\n","protected":false},"excerpt":{"rendered":"<p>1864.? \u2020\u00a0Bp., 1927. okt. 22.: b\u00edr\u00f3. \u2013 Testv\u00e9rei: B. Katinka, sz\u00e9kesi Horv\u00e1th Mikl\u00f3sn\u00e9; B. Ferenc, feles\u00e9ge Ternovszky Margit. Feles\u00e9ge: lemh\u00e9nyi B\u00e1linth Irma. Fi\u00fak: B. B\u00e9la, m. kir. honv\u00e9d hadnagy. \u2013 A m. kir. k\u00faria b\u00edr\u00e1ja volt. Irod.: Gy\u00e1szjelent\u0151;<\/p>\n","protected":false},"featured_media":0,"comment_status":"open","ping_status":"closed","template":"","meta":[],"product_brand":[],"product_cat":[137],"product_tag":[],"class_list":{"0":"post-4971","1":"product","2":"type-product","3":"status-publish","5":"product_cat-maros-megyei-eletrajzi-lexikon","7":"first","8":"instock","9":"shipping-taxable","10":"product-type-simple"},"_links":{"self":[{"href":"https:\/\/uj.adatbank.ro\/lexikon\/wp-json\/wp\/v2\/product\/4971","targetHints":{"allow":["GET"]}}],"collection":[{"href":"https:\/\/uj.adatbank.ro\/lexikon\/wp-json\/wp\/v2\/product"}],"about":[{"href":"https:\/\/uj.adatbank.ro\/lexikon\/wp-json\/wp\/v2\/types\/product"}],"replies":[{"embeddable":true,"href":"https:\/\/uj.adatbank.ro\/lexikon\/wp-json\/wp\/v2\/comments?post=4971"}],"wp:attachment":[{"href":"https:\/\/uj.adatbank.ro\/lexikon\/wp-json\/wp\/v2\/media?parent=4971"}],"wp:term":[{"taxonomy":"product_brand","embeddable":true,"href":"https:\/\/uj.adatbank.ro\/lexikon\/wp-json\/wp\/v2\/product_brand?post=4971"},{"taxonomy":"product_cat","embeddable":true,"href":"https:\/\/uj.adatbank.ro\/lexikon\/wp-json\/wp\/v2\/product_cat?post=4971"},{"taxonomy":"product_tag","embeddable":true,"href":"https:\/\/uj.adatbank.ro\/lexikon\/wp-json\/wp\/v2\/product_tag?post=4971"}],"curies":[{"name":"wp","href":"https:\/\/api.w.org\/{rel}","templated":true}]}}