{"id":4973,"date":"2025-06-28T16:59:10","date_gmt":"2025-06-28T14:59:10","guid":{"rendered":"https:\/\/uj.adatbank.ro\/lexikon\/termek\/bodolla-denes-zagoni-bodola-dionisius\/"},"modified":"2025-06-28T16:59:10","modified_gmt":"2025-06-28T14:59:10","slug":"bodolla-denes-zagoni-bodola-dionisius","status":"publish","type":"product","link":"https:\/\/uj.adatbank.ro\/lexikon\/termek\/bodolla-denes-zagoni-bodola-dionisius\/","title":{"rendered":"BODOLLA D\u00e9nes, z\u00e1goni, Bodola Dionisius"},"content":{"rendered":"<p>1833. j\u00fal. 15., \u2020\u00a0Mv., 1888. jan. 1.: ref. lelk\u00e9sz. \u2013 B. S\u00e1muel p\u00fcsp\u00f6k \u00e9s Antal Zsuzs\u00e1nna fia. Feles\u00e9g: Szak\u00e1cs Ida. Gyermekeik: Samu, Istv\u00e1n, Johanna, Viktor, Ida. \u2013 Tanult a nagyenyedi ref. koll.-ban, a kv.-i egy.-en, Margburgban (1857. okt. 22. \u2013 58), Berlinben (1858. \u00e1pr. 24. \u201359. m\u00e1j. 14.) hittudom\u00e1nyt. A fej\u00e9rdi ref. egyh\u00e1znak lelk\u00e9sze (20 \u00e9vig). <br \/><strong>Irod.:<\/strong> Gy\u00e1szjelent\u0151; Szab\u00f3\u2013Simon\u2013Sz\u00f6gi<\/br><\/p>\n","protected":false},"excerpt":{"rendered":"<p>1833. j\u00fal. 15., \u2020\u00a0Mv., 1888. jan. 1.: ref. lelk\u00e9sz. \u2013 B. S\u00e1muel p\u00fcsp\u00f6k \u00e9s Antal Zsuzs\u00e1nna fia. Feles\u00e9g: Szak\u00e1cs Ida. Gyermekeik: Samu, Istv\u00e1n, Johanna, Viktor, Ida. \u2013 Tanult a nagyenyedi ref. koll.-ban, a kv.-i egy.-en, Margburgban (1857. okt. 22. \u2013 58), Berlinben (1858. \u00e1pr. 24. \u201359. m\u00e1j. 14.) hittudom\u00e1nyt. A fej\u00e9rdi ref. egyh\u00e1znak lelk\u00e9sze (20 [&hellip;]<\/p>\n","protected":false},"featured_media":0,"comment_status":"open","ping_status":"closed","template":"","meta":[],"product_brand":[],"product_cat":[137],"product_tag":[],"class_list":{"0":"post-4973","1":"product","2":"type-product","3":"status-publish","5":"product_cat-maros-megyei-eletrajzi-lexikon","7":"first","8":"instock","9":"shipping-taxable","10":"product-type-simple"},"_links":{"self":[{"href":"https:\/\/uj.adatbank.ro\/lexikon\/wp-json\/wp\/v2\/product\/4973","targetHints":{"allow":["GET"]}}],"collection":[{"href":"https:\/\/uj.adatbank.ro\/lexikon\/wp-json\/wp\/v2\/product"}],"about":[{"href":"https:\/\/uj.adatbank.ro\/lexikon\/wp-json\/wp\/v2\/types\/product"}],"replies":[{"embeddable":true,"href":"https:\/\/uj.adatbank.ro\/lexikon\/wp-json\/wp\/v2\/comments?post=4973"}],"wp:attachment":[{"href":"https:\/\/uj.adatbank.ro\/lexikon\/wp-json\/wp\/v2\/media?parent=4973"}],"wp:term":[{"taxonomy":"product_brand","embeddable":true,"href":"https:\/\/uj.adatbank.ro\/lexikon\/wp-json\/wp\/v2\/product_brand?post=4973"},{"taxonomy":"product_cat","embeddable":true,"href":"https:\/\/uj.adatbank.ro\/lexikon\/wp-json\/wp\/v2\/product_cat?post=4973"},{"taxonomy":"product_tag","embeddable":true,"href":"https:\/\/uj.adatbank.ro\/lexikon\/wp-json\/wp\/v2\/product_tag?post=4973"}],"curies":[{"name":"wp","href":"https:\/\/api.w.org\/{rel}","templated":true}]}}