{"id":4980,"date":"2025-06-28T16:59:22","date_gmt":"2025-06-28T14:59:22","guid":{"rendered":"https:\/\/uj.adatbank.ro\/lexikon\/termek\/bodoni-alexiu-bodoni-elek\/"},"modified":"2025-06-28T16:59:22","modified_gmt":"2025-06-28T14:59:22","slug":"bodoni-alexiu-bodoni-elek","status":"publish","type":"product","link":"https:\/\/uj.adatbank.ro\/lexikon\/termek\/bodoni-alexiu-bodoni-elek\/","title":{"rendered":"BODONI Alexiu, Bodoni Elek"},"content":{"rendered":"<p>Vadasd, 1809 ? \u2020\u00a0? : b\u00f6lcs\u00e9szhallgat\u00f3, birtokos. \u2013 Apja: B. Stephanus, nemesember. \u2013 Vadasdi sz\u00e9kely nemes. Mv.-en a Ref. Koll.-ban \u00e9s az Erd\u00e9lyi Kancell\u00e1ri\u00e1n tanult. Keszthelyen iratkozott be, 28 \u00e9ves, b\u00f6lcs\u00e9szhallgat\u00f3 (1837. febr. 12.). A falu k\u00f6lts\u00e9g\u00e9n vett r\u00e9szt, napl\u00f3ja szerint, az agyagfalvi gy\u0171l\u00e9sen (1848. okt.). <br \/><strong>Irod.:<\/strong> Szab\u00f3 Mikl\u00f3s 2005, Vadasdi kr\u00f3nika<\/br><\/p>\n","protected":false},"excerpt":{"rendered":"<p>Vadasd, 1809 ? \u2020\u00a0? : b\u00f6lcs\u00e9szhallgat\u00f3, birtokos. \u2013 Apja: B. Stephanus, nemesember. \u2013 Vadasdi sz\u00e9kely nemes. Mv.-en a Ref. Koll.-ban \u00e9s az Erd\u00e9lyi Kancell\u00e1ri\u00e1n tanult. Keszthelyen iratkozott be, 28 \u00e9ves, b\u00f6lcs\u00e9szhallgat\u00f3 (1837. febr. 12.). A falu k\u00f6lts\u00e9g\u00e9n vett r\u00e9szt, napl\u00f3ja szerint, az agyagfalvi gy\u0171l\u00e9sen (1848. okt.). Irod.: Szab\u00f3 Mikl\u00f3s 2005, Vadasdi kr\u00f3nika<\/p>\n","protected":false},"featured_media":0,"comment_status":"open","ping_status":"closed","template":"","meta":[],"product_brand":[],"product_cat":[137],"product_tag":[],"class_list":{"0":"post-4980","1":"product","2":"type-product","3":"status-publish","5":"product_cat-maros-megyei-eletrajzi-lexikon","7":"first","8":"instock","9":"shipping-taxable","10":"product-type-simple"},"_links":{"self":[{"href":"https:\/\/uj.adatbank.ro\/lexikon\/wp-json\/wp\/v2\/product\/4980","targetHints":{"allow":["GET"]}}],"collection":[{"href":"https:\/\/uj.adatbank.ro\/lexikon\/wp-json\/wp\/v2\/product"}],"about":[{"href":"https:\/\/uj.adatbank.ro\/lexikon\/wp-json\/wp\/v2\/types\/product"}],"replies":[{"embeddable":true,"href":"https:\/\/uj.adatbank.ro\/lexikon\/wp-json\/wp\/v2\/comments?post=4980"}],"wp:attachment":[{"href":"https:\/\/uj.adatbank.ro\/lexikon\/wp-json\/wp\/v2\/media?parent=4980"}],"wp:term":[{"taxonomy":"product_brand","embeddable":true,"href":"https:\/\/uj.adatbank.ro\/lexikon\/wp-json\/wp\/v2\/product_brand?post=4980"},{"taxonomy":"product_cat","embeddable":true,"href":"https:\/\/uj.adatbank.ro\/lexikon\/wp-json\/wp\/v2\/product_cat?post=4980"},{"taxonomy":"product_tag","embeddable":true,"href":"https:\/\/uj.adatbank.ro\/lexikon\/wp-json\/wp\/v2\/product_tag?post=4980"}],"curies":[{"name":"wp","href":"https:\/\/api.w.org\/{rel}","templated":true}]}}