{"id":4982,"date":"2025-06-28T16:59:25","date_gmt":"2025-06-28T14:59:25","guid":{"rendered":"https:\/\/uj.adatbank.ro\/lexikon\/termek\/bodoni-gergely-bothazi\/"},"modified":"2025-06-28T16:59:25","modified_gmt":"2025-06-28T14:59:25","slug":"bodoni-gergely-bothazi","status":"publish","type":"product","link":"https:\/\/uj.adatbank.ro\/lexikon\/termek\/bodoni-gergely-bothazi\/","title":{"rendered":"BODONI Gergely, both\u00e1zi"},"content":{"rendered":"<p>? \u2020\u00a0? : birtokos. \u2013 A T\u00f3falva falu hat\u00e1ra volt a tulajdona (1582). A Kolozsv\u00e1ri Litteratti G\u00e1bornak a both\u00e1zi birtokai\u00e9rt adott T\u00f3falv\u00e1n egy h\u00e1z jobb\u00e1gyot \u00e9s 150 forintot (1582). T\u00f3falv\u00e1n telket kapott (1583). Primipil\u00e1rist nyert (1607. \u00e1pr. 7.). <br \/><strong>Irod.:<\/strong> Csejd \u2013T\u00f3falva; Kempelen; MCK; P\u00e1lmay<\/br><\/p>\n","protected":false},"excerpt":{"rendered":"<p>? \u2020\u00a0? : birtokos. \u2013 A T\u00f3falva falu hat\u00e1ra volt a tulajdona (1582). A Kolozsv\u00e1ri Litteratti G\u00e1bornak a both\u00e1zi birtokai\u00e9rt adott T\u00f3falv\u00e1n egy h\u00e1z jobb\u00e1gyot \u00e9s 150 forintot (1582). T\u00f3falv\u00e1n telket kapott (1583). Primipil\u00e1rist nyert (1607. \u00e1pr. 7.). Irod.: Csejd \u2013T\u00f3falva; Kempelen; MCK; P\u00e1lmay<\/p>\n","protected":false},"featured_media":0,"comment_status":"open","ping_status":"closed","template":"","meta":[],"product_brand":[],"product_cat":[137],"product_tag":[],"class_list":{"0":"post-4982","1":"product","2":"type-product","3":"status-publish","5":"product_cat-maros-megyei-eletrajzi-lexikon","7":"first","8":"instock","9":"shipping-taxable","10":"product-type-simple"},"_links":{"self":[{"href":"https:\/\/uj.adatbank.ro\/lexikon\/wp-json\/wp\/v2\/product\/4982","targetHints":{"allow":["GET"]}}],"collection":[{"href":"https:\/\/uj.adatbank.ro\/lexikon\/wp-json\/wp\/v2\/product"}],"about":[{"href":"https:\/\/uj.adatbank.ro\/lexikon\/wp-json\/wp\/v2\/types\/product"}],"replies":[{"embeddable":true,"href":"https:\/\/uj.adatbank.ro\/lexikon\/wp-json\/wp\/v2\/comments?post=4982"}],"wp:attachment":[{"href":"https:\/\/uj.adatbank.ro\/lexikon\/wp-json\/wp\/v2\/media?parent=4982"}],"wp:term":[{"taxonomy":"product_brand","embeddable":true,"href":"https:\/\/uj.adatbank.ro\/lexikon\/wp-json\/wp\/v2\/product_brand?post=4982"},{"taxonomy":"product_cat","embeddable":true,"href":"https:\/\/uj.adatbank.ro\/lexikon\/wp-json\/wp\/v2\/product_cat?post=4982"},{"taxonomy":"product_tag","embeddable":true,"href":"https:\/\/uj.adatbank.ro\/lexikon\/wp-json\/wp\/v2\/product_tag?post=4982"}],"curies":[{"name":"wp","href":"https:\/\/api.w.org\/{rel}","templated":true}]}}