{"id":4983,"date":"2025-06-28T16:59:26","date_gmt":"2025-06-28T14:59:26","guid":{"rendered":"https:\/\/uj.adatbank.ro\/lexikon\/termek\/bodoni-gyorgy-vajdaszentivanyi\/"},"modified":"2025-06-28T16:59:26","modified_gmt":"2025-06-28T14:59:26","slug":"bodoni-gyorgy-vajdaszentivanyi","status":"publish","type":"product","link":"https:\/\/uj.adatbank.ro\/lexikon\/termek\/bodoni-gyorgy-vajdaszentivanyi\/","title":{"rendered":"BODONI Gy\u00f6rgy, vajdaszentiv\u00e1nyi"},"content":{"rendered":"<p>? \u2020\u00a0? : \u00fcln\u00f6k. \u2013 Feles\u00e9ge: Toldalaghi Judit. Fiaik: Gy\u00f6rgy, Bal\u00e1zs, Zsigmond. Kihalt a csal\u00e1d (1725). \u2013 A fejedelmi t\u00e1bla \u00fcln\u00f6ke Apaffy Mih\u00e1ly idej\u00e9n. Fejedelmi biztosk\u00e9nt Mv.-en, annak a F\u0151korm\u00e1nysz\u00e9ki Bizotts\u00e1gnak a tagja amelynek a fejedelem feladat\u00e1ul t\u0171zte ki a mv.-i ellent\u00e9tek felsz\u00e1mol\u00e1s\u00e1t (1699). <br \/><strong>Irod.:<\/strong> Kempelen; K\u0151v\u00e1ry; P\u00e1l-Antal 2006; P\u00e1lmay<\/br><\/p>\n","protected":false},"excerpt":{"rendered":"<p>? \u2020\u00a0? : \u00fcln\u00f6k. \u2013 Feles\u00e9ge: Toldalaghi Judit. Fiaik: Gy\u00f6rgy, Bal\u00e1zs, Zsigmond. Kihalt a csal\u00e1d (1725). \u2013 A fejedelmi t\u00e1bla \u00fcln\u00f6ke Apaffy Mih\u00e1ly idej\u00e9n. Fejedelmi biztosk\u00e9nt Mv.-en, annak a F\u0151korm\u00e1nysz\u00e9ki Bizotts\u00e1gnak a tagja amelynek a fejedelem feladat\u00e1ul t\u0171zte ki a mv.-i ellent\u00e9tek felsz\u00e1mol\u00e1s\u00e1t (1699). Irod.: Kempelen; K\u0151v\u00e1ry; P\u00e1l-Antal 2006; P\u00e1lmay<\/p>\n","protected":false},"featured_media":0,"comment_status":"open","ping_status":"closed","template":"","meta":[],"product_brand":[],"product_cat":[137],"product_tag":[],"class_list":{"0":"post-4983","1":"product","2":"type-product","3":"status-publish","5":"product_cat-maros-megyei-eletrajzi-lexikon","7":"first","8":"instock","9":"shipping-taxable","10":"product-type-simple"},"_links":{"self":[{"href":"https:\/\/uj.adatbank.ro\/lexikon\/wp-json\/wp\/v2\/product\/4983","targetHints":{"allow":["GET"]}}],"collection":[{"href":"https:\/\/uj.adatbank.ro\/lexikon\/wp-json\/wp\/v2\/product"}],"about":[{"href":"https:\/\/uj.adatbank.ro\/lexikon\/wp-json\/wp\/v2\/types\/product"}],"replies":[{"embeddable":true,"href":"https:\/\/uj.adatbank.ro\/lexikon\/wp-json\/wp\/v2\/comments?post=4983"}],"wp:attachment":[{"href":"https:\/\/uj.adatbank.ro\/lexikon\/wp-json\/wp\/v2\/media?parent=4983"}],"wp:term":[{"taxonomy":"product_brand","embeddable":true,"href":"https:\/\/uj.adatbank.ro\/lexikon\/wp-json\/wp\/v2\/product_brand?post=4983"},{"taxonomy":"product_cat","embeddable":true,"href":"https:\/\/uj.adatbank.ro\/lexikon\/wp-json\/wp\/v2\/product_cat?post=4983"},{"taxonomy":"product_tag","embeddable":true,"href":"https:\/\/uj.adatbank.ro\/lexikon\/wp-json\/wp\/v2\/product_tag?post=4983"}],"curies":[{"name":"wp","href":"https:\/\/api.w.org\/{rel}","templated":true}]}}