{"id":4984,"date":"2025-06-28T16:59:28","date_gmt":"2025-06-28T14:59:28","guid":{"rendered":"https:\/\/uj.adatbank.ro\/lexikon\/termek\/bodoni-istvan-vajdaszentivanyi\/"},"modified":"2025-06-28T16:59:28","modified_gmt":"2025-06-28T14:59:28","slug":"bodoni-istvan-vajdaszentivanyi","status":"publish","type":"product","link":"https:\/\/uj.adatbank.ro\/lexikon\/termek\/bodoni-istvan-vajdaszentivanyi\/","title":{"rendered":"BODONI Istv\u00e1n, vajdaszentiv\u00e1nyi"},"content":{"rendered":"<p>? \u2020\u00a01603.: tan\u00e1csos, k\u00f6vet, f\u0151isp\u00e1n. \u2013 Feles\u00e9ge: Nagy Kata r\u00e9szben aranyozott ez\u00fcst talpas poharat csin\u00e1ltatott \u00e9s adom\u00e1nyozott (1653) a s\u00f6v\u00e9nyfalvi ref. egyh\u00e1zk\u00f6zs\u00e9gnek. \u2013 A B. csal\u00e1d alap\u00cdt\u00f3ja, aki B\u00e1thori Zsigmond tan\u00e1csosa, titk\u00e1ra \u00e9s k\u00f6vete volt a r\u00f3mai k\u00fari\u00e1n, ahol megszerezte a \u00bbRomai Szent Palota gr\u00f3fja\u00ab c. R\u00e1vette B\u00e1thorit, hogy G\u00e1lfi J\u00e1nost, egykori nevel\u0151j\u00e9t, tan\u00e1csos\u00e1t kiv\u00e9geztesse \u00e9s elnyerte Bodont a G\u00e1lfi J\u00e1nos birtok\u00e1t. R\u00e9szt vett a Bocskai Istv\u00e1n vezette t\u00f6r\u00f6kellenes hadj\u00e1ratban, vit\u00e9zs\u00e9ge jutalm\u00e1ul B\u00e1thori Zsigmond utas\u00edt\u00e1s\u00e1ra a kolozsmonostori konvent beiktatta szamos\u00fajv\u00e1ri birtok\u00e1ba (1596. j\u00fal. 8.). Mindig a fenn\u00e1ll\u00f3 hatalom eszk\u00f6ze volt. Azt az erd\u00e9lyi k\u00fcld\u00f6tts\u00e9get vezette, amelyik a fejedelem nev\u00e9ben fel\u00faj\u00edtotta Mih\u00e1ly vajd\u00e1val az 1595-ben k\u00f6t\u00f6tt t\u00f6r\u00f6kellenes sz\u00f6vets\u00e9get (1598. aug. 29.). B\u00e1thori Endre (Andr\u00e1s) oldal\u00e1n volt (1599 elej\u00e9n), majd t\u00f6bbedmag\u00e1val \u00e1tp\u00e1rtolt Mih\u00e1ly vajd\u00e1hoz. Mih\u00e1ly vajda meger\u0151s\u00edtette birtokaiban, kiv\u00e9ve a szamos\u00fajv\u00e1ri uradalmat. Kolozs vm. f\u0151isp\u00e1nja (1599\u20131600). A vajda miriszl\u00f3i veres\u00e9ge ut\u00e1n (1600. szept. 18.) a Basta embere lett. Amikor B\u00e1thori Zsigmond visszat\u00e9rt (1601) elfogt\u00e1k \u00e9s D\u00e9v\u00e1ra z\u00e1rt\u00e1k. Tov\u00e1bbi sorsa ismeretlen. <br \/><strong>Irod.:<\/strong> K\u0151v\u00e1ry; K\u00fck\u00fcll\u0151i Ref. Egyh\u00e1zm. 4.; Mo. f\u0151isp\u00e1njai; P\u00e1lmay; Vajdaszentiv\u00e1ny<\/br><\/p>\n","protected":false},"excerpt":{"rendered":"<p>? \u2020\u00a01603.: tan\u00e1csos, k\u00f6vet, f\u0151isp\u00e1n. \u2013 Feles\u00e9ge: Nagy Kata r\u00e9szben aranyozott ez\u00fcst talpas poharat csin\u00e1ltatott \u00e9s adom\u00e1nyozott (1653) a s\u00f6v\u00e9nyfalvi ref. egyh\u00e1zk\u00f6zs\u00e9gnek. \u2013 A B. csal\u00e1d alap\u00cdt\u00f3ja, aki B\u00e1thori Zsigmond tan\u00e1csosa, titk\u00e1ra \u00e9s k\u00f6vete volt a r\u00f3mai k\u00fari\u00e1n, ahol megszerezte a \u00bbRomai Szent Palota gr\u00f3fja\u00ab c. R\u00e1vette B\u00e1thorit, hogy G\u00e1lfi J\u00e1nost, egykori nevel\u0151j\u00e9t, tan\u00e1csos\u00e1t kiv\u00e9geztesse [&hellip;]<\/p>\n","protected":false},"featured_media":0,"comment_status":"open","ping_status":"closed","template":"","meta":[],"product_brand":[],"product_cat":[137],"product_tag":[],"class_list":{"0":"post-4984","1":"product","2":"type-product","3":"status-publish","5":"product_cat-maros-megyei-eletrajzi-lexikon","7":"first","8":"instock","9":"shipping-taxable","10":"product-type-simple"},"_links":{"self":[{"href":"https:\/\/uj.adatbank.ro\/lexikon\/wp-json\/wp\/v2\/product\/4984","targetHints":{"allow":["GET"]}}],"collection":[{"href":"https:\/\/uj.adatbank.ro\/lexikon\/wp-json\/wp\/v2\/product"}],"about":[{"href":"https:\/\/uj.adatbank.ro\/lexikon\/wp-json\/wp\/v2\/types\/product"}],"replies":[{"embeddable":true,"href":"https:\/\/uj.adatbank.ro\/lexikon\/wp-json\/wp\/v2\/comments?post=4984"}],"wp:attachment":[{"href":"https:\/\/uj.adatbank.ro\/lexikon\/wp-json\/wp\/v2\/media?parent=4984"}],"wp:term":[{"taxonomy":"product_brand","embeddable":true,"href":"https:\/\/uj.adatbank.ro\/lexikon\/wp-json\/wp\/v2\/product_brand?post=4984"},{"taxonomy":"product_cat","embeddable":true,"href":"https:\/\/uj.adatbank.ro\/lexikon\/wp-json\/wp\/v2\/product_cat?post=4984"},{"taxonomy":"product_tag","embeddable":true,"href":"https:\/\/uj.adatbank.ro\/lexikon\/wp-json\/wp\/v2\/product_tag?post=4984"}],"curies":[{"name":"wp","href":"https:\/\/api.w.org\/{rel}","templated":true}]}}