{"id":4986,"date":"2025-06-28T16:59:34","date_gmt":"2025-06-28T14:59:34","guid":{"rendered":"https:\/\/uj.adatbank.ro\/lexikon\/termek\/bodoni-kalman-bodony-kalman\/"},"modified":"2025-06-28T16:59:34","modified_gmt":"2025-06-28T14:59:34","slug":"bodoni-kalman-bodony-kalman","status":"publish","type":"product","link":"https:\/\/uj.adatbank.ro\/lexikon\/termek\/bodoni-kalman-bodony-kalman\/","title":{"rendered":"BODONI K\u00e1lm\u00e1n, Bodony K\u00e1lm\u00e1n"},"content":{"rendered":"<p>Mv., 1891 \u2020 ? : katonatiszt.-A II. vh. idej\u00e9n a m. hadseregben szolg\u00e1lt. Hadnagyi rangban a parancsnoka volt a k\u00e9nyszermunk\u00e1ra hurcolt rom\u00e1noknak \u00e9s zsid\u00f3knak a M\u00e1ramarosi hegyekben (Mun\u0163ii Copila\u015fi). A majsz\u00edni (M\u00e1ramaros) munkat\u00e1bor parancsnoka volt, amikor a horthyst\u00e1k kiv\u00e9geztek 35 rom\u00e1nt \u00e9s 3 zsid\u00f3t (1944. okt. 14.). A felel\u0151ss\u00e9grevon\u00e1st\u00f3l a MADOSZ seg\u00edts\u00e9g\u00e9vel szabadult meg. <br \/><strong>Irod.:<\/strong> F\u0103r\u0103g\u0103u<\/br><\/p>\n","protected":false},"excerpt":{"rendered":"<p>Mv., 1891 \u2020 ? : katonatiszt.-A II. vh. idej\u00e9n a m. hadseregben szolg\u00e1lt. Hadnagyi rangban a parancsnoka volt a k\u00e9nyszermunk\u00e1ra hurcolt rom\u00e1noknak \u00e9s zsid\u00f3knak a M\u00e1ramarosi hegyekben (Mun\u0163ii Copila\u015fi). A majsz\u00edni (M\u00e1ramaros) munkat\u00e1bor parancsnoka volt, amikor a horthyst\u00e1k kiv\u00e9geztek 35 rom\u00e1nt \u00e9s 3 zsid\u00f3t (1944. okt. 14.). A felel\u0151ss\u00e9grevon\u00e1st\u00f3l a MADOSZ seg\u00edts\u00e9g\u00e9vel szabadult meg. Irod.: [&hellip;]<\/p>\n","protected":false},"featured_media":0,"comment_status":"open","ping_status":"closed","template":"","meta":[],"product_brand":[],"product_cat":[137],"product_tag":[],"class_list":{"0":"post-4986","1":"product","2":"type-product","3":"status-publish","5":"product_cat-maros-megyei-eletrajzi-lexikon","7":"first","8":"instock","9":"shipping-taxable","10":"product-type-simple"},"_links":{"self":[{"href":"https:\/\/uj.adatbank.ro\/lexikon\/wp-json\/wp\/v2\/product\/4986","targetHints":{"allow":["GET"]}}],"collection":[{"href":"https:\/\/uj.adatbank.ro\/lexikon\/wp-json\/wp\/v2\/product"}],"about":[{"href":"https:\/\/uj.adatbank.ro\/lexikon\/wp-json\/wp\/v2\/types\/product"}],"replies":[{"embeddable":true,"href":"https:\/\/uj.adatbank.ro\/lexikon\/wp-json\/wp\/v2\/comments?post=4986"}],"wp:attachment":[{"href":"https:\/\/uj.adatbank.ro\/lexikon\/wp-json\/wp\/v2\/media?parent=4986"}],"wp:term":[{"taxonomy":"product_brand","embeddable":true,"href":"https:\/\/uj.adatbank.ro\/lexikon\/wp-json\/wp\/v2\/product_brand?post=4986"},{"taxonomy":"product_cat","embeddable":true,"href":"https:\/\/uj.adatbank.ro\/lexikon\/wp-json\/wp\/v2\/product_cat?post=4986"},{"taxonomy":"product_tag","embeddable":true,"href":"https:\/\/uj.adatbank.ro\/lexikon\/wp-json\/wp\/v2\/product_tag?post=4986"}],"curies":[{"name":"wp","href":"https:\/\/api.w.org\/{rel}","templated":true}]}}