{"id":4991,"date":"2025-06-28T16:59:43","date_gmt":"2025-06-28T14:59:43","guid":{"rendered":"https:\/\/uj.adatbank.ro\/lexikon\/termek\/bodoni-sandor-%c2%a7\/"},"modified":"2025-06-28T16:59:43","modified_gmt":"2025-06-28T14:59:43","slug":"bodoni-sandor-%c2%a7","status":"publish","type":"product","link":"https:\/\/uj.adatbank.ro\/lexikon\/termek\/bodoni-sandor-%c2%a7\/","title":{"rendered":"BODONI S\u00e1ndor, \u00a7"},"content":{"rendered":"<p>Mv., 1955. szept. 30., \u2020 Mv., 1989. dec. 21.: \u00e1ldozat, a forradalom h\u0151se. \u2013 Az 1989-es forrong\u00e1sok sz\u00e9kelyb\u00f3si \u00e1ldozata volt, Mv.-en \u00e9rte a hal\u00e1los tal\u00e1lat. Mv. tiszteletbeli polg\u00e1ra post mortem. Mv.-en utca viseli nev\u00e9t. <br \/><strong>Irod.:<\/strong> Elm\u00falt jelen; Kincses; Id\u0151t\u00e1r 4.; Ioni\u0163oiu, Cicerone: Album al eroilor din Rom.; [Nekrol\u00f3g] (N\u00fa., 1989. dec. 24.); Marossz\u00e9ki kr\u00f3nik\u00e1k 1.; M\u00e1th\u00e9 Levente; Mv.-i \u00e1ldozatok (N\u00fa., 1990. dec. 21.); (N\u00fa., 1998. j\u00fan. 24.); Sepsisz\u00e9ki<\/br><\/p>\n","protected":false},"excerpt":{"rendered":"<p>Mv., 1955. szept. 30., \u2020 Mv., 1989. dec. 21.: \u00e1ldozat, a forradalom h\u0151se. \u2013 Az 1989-es forrong\u00e1sok sz\u00e9kelyb\u00f3si \u00e1ldozata volt, Mv.-en \u00e9rte a hal\u00e1los tal\u00e1lat. Mv. tiszteletbeli polg\u00e1ra post mortem. Mv.-en utca viseli nev\u00e9t. Irod.: Elm\u00falt jelen; Kincses; Id\u0151t\u00e1r 4.; Ioni\u0163oiu, Cicerone: Album al eroilor din Rom.; [Nekrol\u00f3g] (N\u00fa., 1989. dec. 24.); Marossz\u00e9ki kr\u00f3nik\u00e1k 1.; [&hellip;]<\/p>\n","protected":false},"featured_media":0,"comment_status":"open","ping_status":"closed","template":"","meta":[],"product_brand":[],"product_cat":[137],"product_tag":[],"class_list":{"0":"post-4991","1":"product","2":"type-product","3":"status-publish","5":"product_cat-maros-megyei-eletrajzi-lexikon","7":"first","8":"instock","9":"shipping-taxable","10":"product-type-simple"},"_links":{"self":[{"href":"https:\/\/uj.adatbank.ro\/lexikon\/wp-json\/wp\/v2\/product\/4991","targetHints":{"allow":["GET"]}}],"collection":[{"href":"https:\/\/uj.adatbank.ro\/lexikon\/wp-json\/wp\/v2\/product"}],"about":[{"href":"https:\/\/uj.adatbank.ro\/lexikon\/wp-json\/wp\/v2\/types\/product"}],"replies":[{"embeddable":true,"href":"https:\/\/uj.adatbank.ro\/lexikon\/wp-json\/wp\/v2\/comments?post=4991"}],"wp:attachment":[{"href":"https:\/\/uj.adatbank.ro\/lexikon\/wp-json\/wp\/v2\/media?parent=4991"}],"wp:term":[{"taxonomy":"product_brand","embeddable":true,"href":"https:\/\/uj.adatbank.ro\/lexikon\/wp-json\/wp\/v2\/product_brand?post=4991"},{"taxonomy":"product_cat","embeddable":true,"href":"https:\/\/uj.adatbank.ro\/lexikon\/wp-json\/wp\/v2\/product_cat?post=4991"},{"taxonomy":"product_tag","embeddable":true,"href":"https:\/\/uj.adatbank.ro\/lexikon\/wp-json\/wp\/v2\/product_tag?post=4991"}],"curies":[{"name":"wp","href":"https:\/\/api.w.org\/{rel}","templated":true}]}}