{"id":4993,"date":"2025-06-28T16:59:46","date_gmt":"2025-06-28T14:59:46","guid":{"rendered":"https:\/\/uj.adatbank.ro\/lexikon\/termek\/bodor-adam\/"},"modified":"2025-06-28T16:59:46","modified_gmt":"2025-06-28T14:59:46","slug":"bodor-adam","status":"publish","type":"product","link":"https:\/\/uj.adatbank.ro\/lexikon\/termek\/bodor-adam\/","title":{"rendered":"BODOR \u00c1d\u00e1m"},"content":{"rendered":"<p>1807., \u2020 ? : tan\u00edt\u00f3. \u2013 A sz\u00e9kelytompai ref. iskola (1790.- ben l\u00e9tes\u00fclt, csak 1806- eml\u00edtik az okiratok), els\u0151 tan\u00edt\u00f3ja. A sz\u00e9kelytompai iskola fal\u00e1n eml\u00e9kt\u00e1bl\u00e1t helyeztek el, amelyen, mint Sz\u00e9kelytompa els\u0151 ismert tan\u00edt\u00f3j\u00e1r\u00f3l eml\u00e9keztek meg (2005. okt.). <br \/><strong>Irod.:<\/strong> Maros megye; Ny\u00e1r\u00e1dszereda: Kiskalauz<\/br><\/p>\n","protected":false},"excerpt":{"rendered":"<p>1807., \u2020 ? : tan\u00edt\u00f3. \u2013 A sz\u00e9kelytompai ref. iskola (1790.- ben l\u00e9tes\u00fclt, csak 1806- eml\u00edtik az okiratok), els\u0151 tan\u00edt\u00f3ja. A sz\u00e9kelytompai iskola fal\u00e1n eml\u00e9kt\u00e1bl\u00e1t helyeztek el, amelyen, mint Sz\u00e9kelytompa els\u0151 ismert tan\u00edt\u00f3j\u00e1r\u00f3l eml\u00e9keztek meg (2005. okt.). Irod.: Maros megye; Ny\u00e1r\u00e1dszereda: Kiskalauz<\/p>\n","protected":false},"featured_media":0,"comment_status":"open","ping_status":"closed","template":"","meta":[],"product_brand":[],"product_cat":[137],"product_tag":[],"class_list":{"0":"post-4993","1":"product","2":"type-product","3":"status-publish","5":"product_cat-maros-megyei-eletrajzi-lexikon","7":"first","8":"instock","9":"shipping-taxable","10":"product-type-simple"},"_links":{"self":[{"href":"https:\/\/uj.adatbank.ro\/lexikon\/wp-json\/wp\/v2\/product\/4993","targetHints":{"allow":["GET"]}}],"collection":[{"href":"https:\/\/uj.adatbank.ro\/lexikon\/wp-json\/wp\/v2\/product"}],"about":[{"href":"https:\/\/uj.adatbank.ro\/lexikon\/wp-json\/wp\/v2\/types\/product"}],"replies":[{"embeddable":true,"href":"https:\/\/uj.adatbank.ro\/lexikon\/wp-json\/wp\/v2\/comments?post=4993"}],"wp:attachment":[{"href":"https:\/\/uj.adatbank.ro\/lexikon\/wp-json\/wp\/v2\/media?parent=4993"}],"wp:term":[{"taxonomy":"product_brand","embeddable":true,"href":"https:\/\/uj.adatbank.ro\/lexikon\/wp-json\/wp\/v2\/product_brand?post=4993"},{"taxonomy":"product_cat","embeddable":true,"href":"https:\/\/uj.adatbank.ro\/lexikon\/wp-json\/wp\/v2\/product_cat?post=4993"},{"taxonomy":"product_tag","embeddable":true,"href":"https:\/\/uj.adatbank.ro\/lexikon\/wp-json\/wp\/v2\/product_tag?post=4993"}],"curies":[{"name":"wp","href":"https:\/\/api.w.org\/{rel}","templated":true}]}}