{"id":4994,"date":"2025-06-28T16:59:47","date_gmt":"2025-06-28T14:59:47","guid":{"rendered":"https:\/\/uj.adatbank.ro\/lexikon\/termek\/bodor-andras-bodor-endre\/"},"modified":"2025-06-28T16:59:47","modified_gmt":"2025-06-28T14:59:47","slug":"bodor-andras-bodor-endre","status":"publish","type":"product","link":"https:\/\/uj.adatbank.ro\/lexikon\/termek\/bodor-andras-bodor-endre\/","title":{"rendered":"BODOR Andr\u00e1s, Bodor Endre"},"content":{"rendered":"<p>Cs\u00edkszereda, 1909, \u2020\u00a0? : vas\u00fati munk\u00e1s, politikus. \u2013 Mv.-en, D\u00e9d\u00e1n dolgozott a vas\u00fatn\u00e1l, majd a Maros megyei mez\u0151gazdas\u00e1gi oszt\u00e1lyt vezette (1948. aug. \u2013), tagja a RKP megyei bizotts\u00e1g\u00e1nak, a Maros tartom\u00e1ny ideiglenes bizotts\u00e1g\u00e1nak aleln\u00f6ke, a mez\u0151gazdas\u00e1gi oszt\u00e1ly vzet\u0151je (1950). A MAT n\u00e9ptan\u00e1csa VB aleln\u00f6ke (1956\u201361). <br \/><strong>Irod.:<\/strong> B. Endre elvt\u00e1rs (N\u00e9p\u00fajs\u00e1g, 1950. dec. 2); Cri\u015fan; Id\u0151t\u00e1r 4.; Korunk<\/br><\/p>\n","protected":false},"excerpt":{"rendered":"<p>Cs\u00edkszereda, 1909, \u2020\u00a0? : vas\u00fati munk\u00e1s, politikus. \u2013 Mv.-en, D\u00e9d\u00e1n dolgozott a vas\u00fatn\u00e1l, majd a Maros megyei mez\u0151gazdas\u00e1gi oszt\u00e1lyt vezette (1948. aug. \u2013), tagja a RKP megyei bizotts\u00e1g\u00e1nak, a Maros tartom\u00e1ny ideiglenes bizotts\u00e1g\u00e1nak aleln\u00f6ke, a mez\u0151gazdas\u00e1gi oszt\u00e1ly vzet\u0151je (1950). A MAT n\u00e9ptan\u00e1csa VB aleln\u00f6ke (1956\u201361). Irod.: B. Endre elvt\u00e1rs (N\u00e9p\u00fajs\u00e1g, 1950. dec. 2); Cri\u015fan; Id\u0151t\u00e1r [&hellip;]<\/p>\n","protected":false},"featured_media":0,"comment_status":"open","ping_status":"closed","template":"","meta":[],"product_brand":[],"product_cat":[137],"product_tag":[],"class_list":{"0":"post-4994","1":"product","2":"type-product","3":"status-publish","5":"product_cat-maros-megyei-eletrajzi-lexikon","7":"first","8":"instock","9":"shipping-taxable","10":"product-type-simple"},"_links":{"self":[{"href":"https:\/\/uj.adatbank.ro\/lexikon\/wp-json\/wp\/v2\/product\/4994","targetHints":{"allow":["GET"]}}],"collection":[{"href":"https:\/\/uj.adatbank.ro\/lexikon\/wp-json\/wp\/v2\/product"}],"about":[{"href":"https:\/\/uj.adatbank.ro\/lexikon\/wp-json\/wp\/v2\/types\/product"}],"replies":[{"embeddable":true,"href":"https:\/\/uj.adatbank.ro\/lexikon\/wp-json\/wp\/v2\/comments?post=4994"}],"wp:attachment":[{"href":"https:\/\/uj.adatbank.ro\/lexikon\/wp-json\/wp\/v2\/media?parent=4994"}],"wp:term":[{"taxonomy":"product_brand","embeddable":true,"href":"https:\/\/uj.adatbank.ro\/lexikon\/wp-json\/wp\/v2\/product_brand?post=4994"},{"taxonomy":"product_cat","embeddable":true,"href":"https:\/\/uj.adatbank.ro\/lexikon\/wp-json\/wp\/v2\/product_cat?post=4994"},{"taxonomy":"product_tag","embeddable":true,"href":"https:\/\/uj.adatbank.ro\/lexikon\/wp-json\/wp\/v2\/product_tag?post=4994"}],"curies":[{"name":"wp","href":"https:\/\/api.w.org\/{rel}","templated":true}]}}