{"id":4998,"date":"2025-06-28T16:59:57","date_gmt":"2025-06-28T14:59:57","guid":{"rendered":"https:\/\/uj.adatbank.ro\/lexikon\/termek\/bodor-jozsef\/"},"modified":"2025-06-28T16:59:57","modified_gmt":"2025-06-28T14:59:57","slug":"bodor-jozsef","status":"publish","type":"product","link":"https:\/\/uj.adatbank.ro\/lexikon\/termek\/bodor-jozsef\/","title":{"rendered":"BODOR J\u00f3zsef"},"content":{"rendered":"<p>Mez\u0151panit, 1901. m\u00e1rc. 19., \u2020\u00a0? : gazd\u00e1lkod\u00f3. \u2013 Letart\u00f3ztatt\u00e1k (1958. j\u00fal. 26.), a kollekt\u00edv gazdas\u00e1g \u00e9s a kommunist\u00e1k ellen tett kijelent\u00e9sei miatt \u00e1ll\u00edtott\u00e1k b\u00edr\u00f3s\u00e1g el\u00e9. \u2013 Irod: 1956 Erd\u00e9lyben<\/br><\/p>\n","protected":false},"excerpt":{"rendered":"<p>Mez\u0151panit, 1901. m\u00e1rc. 19., \u2020\u00a0? : gazd\u00e1lkod\u00f3. \u2013 Letart\u00f3ztatt\u00e1k (1958. j\u00fal. 26.), a kollekt\u00edv gazdas\u00e1g \u00e9s a kommunist\u00e1k ellen tett kijelent\u00e9sei miatt \u00e1ll\u00edtott\u00e1k b\u00edr\u00f3s\u00e1g el\u00e9. \u2013 Irod: 1956 Erd\u00e9lyben<\/p>\n","protected":false},"featured_media":0,"comment_status":"open","ping_status":"closed","template":"","meta":[],"product_brand":[],"product_cat":[137],"product_tag":[],"class_list":{"0":"post-4998","1":"product","2":"type-product","3":"status-publish","5":"product_cat-maros-megyei-eletrajzi-lexikon","7":"first","8":"instock","9":"shipping-taxable","10":"product-type-simple"},"_links":{"self":[{"href":"https:\/\/uj.adatbank.ro\/lexikon\/wp-json\/wp\/v2\/product\/4998","targetHints":{"allow":["GET"]}}],"collection":[{"href":"https:\/\/uj.adatbank.ro\/lexikon\/wp-json\/wp\/v2\/product"}],"about":[{"href":"https:\/\/uj.adatbank.ro\/lexikon\/wp-json\/wp\/v2\/types\/product"}],"replies":[{"embeddable":true,"href":"https:\/\/uj.adatbank.ro\/lexikon\/wp-json\/wp\/v2\/comments?post=4998"}],"wp:attachment":[{"href":"https:\/\/uj.adatbank.ro\/lexikon\/wp-json\/wp\/v2\/media?parent=4998"}],"wp:term":[{"taxonomy":"product_brand","embeddable":true,"href":"https:\/\/uj.adatbank.ro\/lexikon\/wp-json\/wp\/v2\/product_brand?post=4998"},{"taxonomy":"product_cat","embeddable":true,"href":"https:\/\/uj.adatbank.ro\/lexikon\/wp-json\/wp\/v2\/product_cat?post=4998"},{"taxonomy":"product_tag","embeddable":true,"href":"https:\/\/uj.adatbank.ro\/lexikon\/wp-json\/wp\/v2\/product_tag?post=4998"}],"curies":[{"name":"wp","href":"https:\/\/api.w.org\/{rel}","templated":true}]}}