{"id":4999,"date":"2025-06-28T16:59:59","date_gmt":"2025-06-28T14:59:59","guid":{"rendered":"https:\/\/uj.adatbank.ro\/lexikon\/termek\/bodor-pal\/"},"modified":"2025-06-28T16:59:59","modified_gmt":"2025-06-28T14:59:59","slug":"bodor-pal","status":"publish","type":"product","link":"https:\/\/uj.adatbank.ro\/lexikon\/termek\/bodor-pal\/","title":{"rendered":"BODOR P\u00e1l"},"content":{"rendered":"<p>? \u2020\u00a0? : k\u00f6nyvk\u00f6t\u0151 \u2013 Mv.-en tev\u00e9kenykedett (1777 k.). <br \/><strong>Irod.:<\/strong> Farcz\u00e1dy Elek: A mv.-i Bolyai tudom\u00e1nyos k\u00f6nyvt\u00e1r = Eml\u00e9kk. K. L. 80<\/br><\/p>\n","protected":false},"excerpt":{"rendered":"<p>? \u2020\u00a0? : k\u00f6nyvk\u00f6t\u0151 \u2013 Mv.-en tev\u00e9kenykedett (1777 k.). Irod.: Farcz\u00e1dy Elek: A mv.-i Bolyai tudom\u00e1nyos k\u00f6nyvt\u00e1r = Eml\u00e9kk. K. L. 80<\/p>\n","protected":false},"featured_media":0,"comment_status":"open","ping_status":"closed","template":"","meta":[],"product_brand":[],"product_cat":[137],"product_tag":[],"class_list":{"0":"post-4999","1":"product","2":"type-product","3":"status-publish","5":"product_cat-maros-megyei-eletrajzi-lexikon","7":"first","8":"instock","9":"shipping-taxable","10":"product-type-simple"},"_links":{"self":[{"href":"https:\/\/uj.adatbank.ro\/lexikon\/wp-json\/wp\/v2\/product\/4999","targetHints":{"allow":["GET"]}}],"collection":[{"href":"https:\/\/uj.adatbank.ro\/lexikon\/wp-json\/wp\/v2\/product"}],"about":[{"href":"https:\/\/uj.adatbank.ro\/lexikon\/wp-json\/wp\/v2\/types\/product"}],"replies":[{"embeddable":true,"href":"https:\/\/uj.adatbank.ro\/lexikon\/wp-json\/wp\/v2\/comments?post=4999"}],"wp:attachment":[{"href":"https:\/\/uj.adatbank.ro\/lexikon\/wp-json\/wp\/v2\/media?parent=4999"}],"wp:term":[{"taxonomy":"product_brand","embeddable":true,"href":"https:\/\/uj.adatbank.ro\/lexikon\/wp-json\/wp\/v2\/product_brand?post=4999"},{"taxonomy":"product_cat","embeddable":true,"href":"https:\/\/uj.adatbank.ro\/lexikon\/wp-json\/wp\/v2\/product_cat?post=4999"},{"taxonomy":"product_tag","embeddable":true,"href":"https:\/\/uj.adatbank.ro\/lexikon\/wp-json\/wp\/v2\/product_tag?post=4999"}],"curies":[{"name":"wp","href":"https:\/\/api.w.org\/{rel}","templated":true}]}}