{"id":5000,"date":"2025-06-28T17:00:00","date_gmt":"2025-06-28T15:00:00","guid":{"rendered":"https:\/\/uj.adatbank.ro\/lexikon\/termek\/bodor-pal-2\/"},"modified":"2025-06-28T17:00:00","modified_gmt":"2025-06-28T15:00:00","slug":"bodor-pal-2","status":"publish","type":"product","link":"https:\/\/uj.adatbank.ro\/lexikon\/termek\/bodor-pal-2\/","title":{"rendered":"BODOR P\u00e1l"},"content":{"rendered":"<p>? \u2020\u00a0? : ref. lelk\u00e9sz. \u2013 Sz\u00e9kelyudvarhelyen (1822), Mv.-en szolg\u00e1lt. \u2013 <strong>F. m.:<\/strong> Halotti besz\u00e9dek gr. Telekeki S\u00e1muel felett, 1822. nov. 17. (Kv., 1825); Halotti besz\u00e9dek \u00e1br\u00e1mfalvi Ugron J\u00e1nos \u00far v\u00e9g tisztelet\u00e9re, 1832. nov. 29. (Mv., 1833). <br \/><strong>Irod.:<\/strong> F\u00fcl\u00f6p\u2013Ferencz; Halotti besz\u00e9dek<\/br><\/p>\n","protected":false},"excerpt":{"rendered":"<p>? \u2020\u00a0? : ref. lelk\u00e9sz. \u2013 Sz\u00e9kelyudvarhelyen (1822), Mv.-en szolg\u00e1lt. \u2013 F. m.: Halotti besz\u00e9dek gr. Telekeki S\u00e1muel felett, 1822. nov. 17. (Kv., 1825); Halotti besz\u00e9dek \u00e1br\u00e1mfalvi Ugron J\u00e1nos \u00far v\u00e9g tisztelet\u00e9re, 1832. nov. 29. (Mv., 1833). Irod.: F\u00fcl\u00f6p\u2013Ferencz; Halotti besz\u00e9dek<\/p>\n","protected":false},"featured_media":0,"comment_status":"open","ping_status":"closed","template":"","meta":[],"product_brand":[],"product_cat":[137],"product_tag":[],"class_list":{"0":"post-5000","1":"product","2":"type-product","3":"status-publish","5":"product_cat-maros-megyei-eletrajzi-lexikon","7":"first","8":"instock","9":"shipping-taxable","10":"product-type-simple"},"_links":{"self":[{"href":"https:\/\/uj.adatbank.ro\/lexikon\/wp-json\/wp\/v2\/product\/5000","targetHints":{"allow":["GET"]}}],"collection":[{"href":"https:\/\/uj.adatbank.ro\/lexikon\/wp-json\/wp\/v2\/product"}],"about":[{"href":"https:\/\/uj.adatbank.ro\/lexikon\/wp-json\/wp\/v2\/types\/product"}],"replies":[{"embeddable":true,"href":"https:\/\/uj.adatbank.ro\/lexikon\/wp-json\/wp\/v2\/comments?post=5000"}],"wp:attachment":[{"href":"https:\/\/uj.adatbank.ro\/lexikon\/wp-json\/wp\/v2\/media?parent=5000"}],"wp:term":[{"taxonomy":"product_brand","embeddable":true,"href":"https:\/\/uj.adatbank.ro\/lexikon\/wp-json\/wp\/v2\/product_brand?post=5000"},{"taxonomy":"product_cat","embeddable":true,"href":"https:\/\/uj.adatbank.ro\/lexikon\/wp-json\/wp\/v2\/product_cat?post=5000"},{"taxonomy":"product_tag","embeddable":true,"href":"https:\/\/uj.adatbank.ro\/lexikon\/wp-json\/wp\/v2\/product_tag?post=5000"}],"curies":[{"name":"wp","href":"https:\/\/api.w.org\/{rel}","templated":true}]}}