{"id":5005,"date":"2025-06-28T17:00:08","date_gmt":"2025-06-28T15:00:08","guid":{"rendered":"https:\/\/uj.adatbank.ro\/lexikon\/termek\/bodosi-jozsef\/"},"modified":"2025-06-28T17:00:08","modified_gmt":"2025-06-28T15:00:08","slug":"bodosi-jozsef","status":"publish","type":"product","link":"https:\/\/uj.adatbank.ro\/lexikon\/termek\/bodosi-jozsef\/","title":{"rendered":"BODOSI J\u00f3zsef"},"content":{"rendered":"<p>Bar\u00f3t, 1844.?, \u2020 1892. nov. 29.: sz\u00edn\u00e9sz, s\u00fag\u00f3. \u2013 Sz\u00edn\u00e9szi p\u00e1ly\u00e1j\u00e1t 1861-ben kezdte. \u2013 <strong>F. m.:<\/strong> B\u00facs\u00fav\u00e9teli zsebk\u00f6nyv (Mv., 1871). <br \/><strong>Irod.:<\/strong> Erd\u00e9lyi Zene- \u00e9s Sz\u00ednm\u0171v\u00e9szeti ki\u00e1ll\u00edt\u00e1s (Kv., 1941); Guly\u00e1s<\/br><\/p>\n","protected":false},"excerpt":{"rendered":"<p>Bar\u00f3t, 1844.?, \u2020 1892. nov. 29.: sz\u00edn\u00e9sz, s\u00fag\u00f3. \u2013 Sz\u00edn\u00e9szi p\u00e1ly\u00e1j\u00e1t 1861-ben kezdte. \u2013 F. m.: B\u00facs\u00fav\u00e9teli zsebk\u00f6nyv (Mv., 1871). Irod.: Erd\u00e9lyi Zene- \u00e9s Sz\u00ednm\u0171v\u00e9szeti ki\u00e1ll\u00edt\u00e1s (Kv., 1941); Guly\u00e1s<\/p>\n","protected":false},"featured_media":0,"comment_status":"open","ping_status":"closed","template":"","meta":[],"product_brand":[],"product_cat":[137],"product_tag":[],"class_list":{"0":"post-5005","1":"product","2":"type-product","3":"status-publish","5":"product_cat-maros-megyei-eletrajzi-lexikon","7":"first","8":"instock","9":"shipping-taxable","10":"product-type-simple"},"_links":{"self":[{"href":"https:\/\/uj.adatbank.ro\/lexikon\/wp-json\/wp\/v2\/product\/5005","targetHints":{"allow":["GET"]}}],"collection":[{"href":"https:\/\/uj.adatbank.ro\/lexikon\/wp-json\/wp\/v2\/product"}],"about":[{"href":"https:\/\/uj.adatbank.ro\/lexikon\/wp-json\/wp\/v2\/types\/product"}],"replies":[{"embeddable":true,"href":"https:\/\/uj.adatbank.ro\/lexikon\/wp-json\/wp\/v2\/comments?post=5005"}],"wp:attachment":[{"href":"https:\/\/uj.adatbank.ro\/lexikon\/wp-json\/wp\/v2\/media?parent=5005"}],"wp:term":[{"taxonomy":"product_brand","embeddable":true,"href":"https:\/\/uj.adatbank.ro\/lexikon\/wp-json\/wp\/v2\/product_brand?post=5005"},{"taxonomy":"product_cat","embeddable":true,"href":"https:\/\/uj.adatbank.ro\/lexikon\/wp-json\/wp\/v2\/product_cat?post=5005"},{"taxonomy":"product_tag","embeddable":true,"href":"https:\/\/uj.adatbank.ro\/lexikon\/wp-json\/wp\/v2\/product_tag?post=5005"}],"curies":[{"name":"wp","href":"https:\/\/api.w.org\/{rel}","templated":true}]}}