{"id":5010,"date":"2025-06-28T17:00:19","date_gmt":"2025-06-28T15:00:19","guid":{"rendered":"https:\/\/uj.adatbank.ro\/lexikon\/termek\/bodroki-janos\/"},"modified":"2025-06-28T17:00:19","modified_gmt":"2025-06-28T15:00:19","slug":"bodroki-janos","status":"publish","type":"product","link":"https:\/\/uj.adatbank.ro\/lexikon\/termek\/bodroki-janos\/","title":{"rendered":"BODROKI J\u00e1nos"},"content":{"rendered":"<p>? \u2020 ? : \u00e1csmester. \u2013 Sz\u00e9kesi \u00e1csmester, Kozma Mih\u00e1llyal dolgoztak a csejdi f\u00e1b\u00f3l \u00e9p\u00fclt templom \u00e9s harangl\u00e1b k\u00e9sz\u00edt\u00e9s\u00e9n\u00e9l (1681). <br \/><strong>Irod.:<\/strong> Csejd \u2013T\u00f3falva<\/br><\/p>\n","protected":false},"excerpt":{"rendered":"<p>? \u2020 ? : \u00e1csmester. \u2013 Sz\u00e9kesi \u00e1csmester, Kozma Mih\u00e1llyal dolgoztak a csejdi f\u00e1b\u00f3l \u00e9p\u00fclt templom \u00e9s harangl\u00e1b k\u00e9sz\u00edt\u00e9s\u00e9n\u00e9l (1681). Irod.: Csejd \u2013T\u00f3falva<\/p>\n","protected":false},"featured_media":0,"comment_status":"open","ping_status":"closed","template":"","meta":[],"product_brand":[],"product_cat":[137],"product_tag":[],"class_list":{"0":"post-5010","1":"product","2":"type-product","3":"status-publish","5":"product_cat-maros-megyei-eletrajzi-lexikon","7":"first","8":"instock","9":"shipping-taxable","10":"product-type-simple"},"_links":{"self":[{"href":"https:\/\/uj.adatbank.ro\/lexikon\/wp-json\/wp\/v2\/product\/5010","targetHints":{"allow":["GET"]}}],"collection":[{"href":"https:\/\/uj.adatbank.ro\/lexikon\/wp-json\/wp\/v2\/product"}],"about":[{"href":"https:\/\/uj.adatbank.ro\/lexikon\/wp-json\/wp\/v2\/types\/product"}],"replies":[{"embeddable":true,"href":"https:\/\/uj.adatbank.ro\/lexikon\/wp-json\/wp\/v2\/comments?post=5010"}],"wp:attachment":[{"href":"https:\/\/uj.adatbank.ro\/lexikon\/wp-json\/wp\/v2\/media?parent=5010"}],"wp:term":[{"taxonomy":"product_brand","embeddable":true,"href":"https:\/\/uj.adatbank.ro\/lexikon\/wp-json\/wp\/v2\/product_brand?post=5010"},{"taxonomy":"product_cat","embeddable":true,"href":"https:\/\/uj.adatbank.ro\/lexikon\/wp-json\/wp\/v2\/product_cat?post=5010"},{"taxonomy":"product_tag","embeddable":true,"href":"https:\/\/uj.adatbank.ro\/lexikon\/wp-json\/wp\/v2\/product_tag?post=5010"}],"curies":[{"name":"wp","href":"https:\/\/api.w.org\/{rel}","templated":true}]}}