{"id":5013,"date":"2025-06-28T17:00:24","date_gmt":"2025-06-28T15:00:24","guid":{"rendered":"https:\/\/uj.adatbank.ro\/lexikon\/termek\/boer-ferenc\/"},"modified":"2025-06-28T17:00:24","modified_gmt":"2025-06-28T15:00:24","slug":"boer-ferenc","status":"publish","type":"product","link":"https:\/\/uj.adatbank.ro\/lexikon\/termek\/boer-ferenc\/","title":{"rendered":"BO\u00c9R Ferenc"},"content":{"rendered":"<p>? \u2020 ? : adom\u00e1nyoz\u00f3.- Mv.-en az \u00e1ltala adom\u00e1nyozott telken \u00e9p\u00edtettek templomot a jezsuit\u00e1k s az \u0151 h\u00e1z\u00e1ban indult a tan\u00edt\u00e1s (1702). <br \/><strong>Irod.:<\/strong> R. k. okt. \u2013 1; R. k. okt. \u20132<\/br><\/p>\n","protected":false},"excerpt":{"rendered":"<p>? \u2020 ? : adom\u00e1nyoz\u00f3.- Mv.-en az \u00e1ltala adom\u00e1nyozott telken \u00e9p\u00edtettek templomot a jezsuit\u00e1k s az \u0151 h\u00e1z\u00e1ban indult a tan\u00edt\u00e1s (1702). Irod.: R. k. okt. \u2013 1; R. k. okt. \u20132<\/p>\n","protected":false},"featured_media":0,"comment_status":"open","ping_status":"closed","template":"","meta":[],"product_brand":[],"product_cat":[137],"product_tag":[],"class_list":{"0":"post-5013","1":"product","2":"type-product","3":"status-publish","5":"product_cat-maros-megyei-eletrajzi-lexikon","7":"first","8":"instock","9":"shipping-taxable","10":"product-type-simple"},"_links":{"self":[{"href":"https:\/\/uj.adatbank.ro\/lexikon\/wp-json\/wp\/v2\/product\/5013","targetHints":{"allow":["GET"]}}],"collection":[{"href":"https:\/\/uj.adatbank.ro\/lexikon\/wp-json\/wp\/v2\/product"}],"about":[{"href":"https:\/\/uj.adatbank.ro\/lexikon\/wp-json\/wp\/v2\/types\/product"}],"replies":[{"embeddable":true,"href":"https:\/\/uj.adatbank.ro\/lexikon\/wp-json\/wp\/v2\/comments?post=5013"}],"wp:attachment":[{"href":"https:\/\/uj.adatbank.ro\/lexikon\/wp-json\/wp\/v2\/media?parent=5013"}],"wp:term":[{"taxonomy":"product_brand","embeddable":true,"href":"https:\/\/uj.adatbank.ro\/lexikon\/wp-json\/wp\/v2\/product_brand?post=5013"},{"taxonomy":"product_cat","embeddable":true,"href":"https:\/\/uj.adatbank.ro\/lexikon\/wp-json\/wp\/v2\/product_cat?post=5013"},{"taxonomy":"product_tag","embeddable":true,"href":"https:\/\/uj.adatbank.ro\/lexikon\/wp-json\/wp\/v2\/product_tag?post=5013"}],"curies":[{"name":"wp","href":"https:\/\/api.w.org\/{rel}","templated":true}]}}