{"id":5014,"date":"2025-06-28T17:00:26","date_gmt":"2025-06-28T15:00:26","guid":{"rendered":"https:\/\/uj.adatbank.ro\/lexikon\/termek\/boer-ferenc-2\/"},"modified":"2025-06-28T17:00:26","modified_gmt":"2025-06-28T15:00:26","slug":"boer-ferenc-2","status":"publish","type":"product","link":"https:\/\/uj.adatbank.ro\/lexikon\/termek\/boer-ferenc-2\/","title":{"rendered":"BO\u00c9R Ferenc"},"content":{"rendered":"<p>? \u2020 ? : kir. t\u00e1blai \u00fcln\u00f6k.- Mv.-en polg\u00e1ri esk\u0171t tett (1805. jan. 14.). A mv.-i Kir T\u00e1bla sz\u00e1mfeletti \u00fcln\u00f6ke. Kendeffy Elek a mv.-i Szentmikl\u00f3s-utcai (ma Bolyai u. 30) barokk st\u00edlus\u00fa palot\u00e1t elcser\u00e9lte k\u00e9t f\u0151t\u00e9ri h\u00e1zzal, a szerz\u0151d\u00e9s sz\u00f6veg\u00e9t \u00edrta al\u00e1 t\u00f6bbed mag\u00e1val (1826. j\u00fan. 1.). Az \u00e9p\u00fcletben a Kir. \u00cdt\u00e9l\u0151t\u00e1bla m\u0171k\u00f6d\u00f6tt (1827\u20131945). <br \/><strong>Irod.:<\/strong> P\u00e1l-Antal 2006; P\u00e1l-Antal 2009; Szentgy\u00f6rgyi<\/br><\/p>\n","protected":false},"excerpt":{"rendered":"<p>? \u2020 ? : kir. t\u00e1blai \u00fcln\u00f6k.- Mv.-en polg\u00e1ri esk\u0171t tett (1805. jan. 14.). A mv.-i Kir T\u00e1bla sz\u00e1mfeletti \u00fcln\u00f6ke. Kendeffy Elek a mv.-i Szentmikl\u00f3s-utcai (ma Bolyai u. 30) barokk st\u00edlus\u00fa palot\u00e1t elcser\u00e9lte k\u00e9t f\u0151t\u00e9ri h\u00e1zzal, a szerz\u0151d\u00e9s sz\u00f6veg\u00e9t \u00edrta al\u00e1 t\u00f6bbed mag\u00e1val (1826. j\u00fan. 1.). Az \u00e9p\u00fcletben a Kir. \u00cdt\u00e9l\u0151t\u00e1bla m\u0171k\u00f6d\u00f6tt (1827\u20131945). Irod.: P\u00e1l-Antal [&hellip;]<\/p>\n","protected":false},"featured_media":0,"comment_status":"open","ping_status":"closed","template":"","meta":[],"product_brand":[],"product_cat":[137],"product_tag":[],"class_list":{"0":"post-5014","1":"product","2":"type-product","3":"status-publish","5":"product_cat-maros-megyei-eletrajzi-lexikon","7":"first","8":"instock","9":"shipping-taxable","10":"product-type-simple"},"_links":{"self":[{"href":"https:\/\/uj.adatbank.ro\/lexikon\/wp-json\/wp\/v2\/product\/5014","targetHints":{"allow":["GET"]}}],"collection":[{"href":"https:\/\/uj.adatbank.ro\/lexikon\/wp-json\/wp\/v2\/product"}],"about":[{"href":"https:\/\/uj.adatbank.ro\/lexikon\/wp-json\/wp\/v2\/types\/product"}],"replies":[{"embeddable":true,"href":"https:\/\/uj.adatbank.ro\/lexikon\/wp-json\/wp\/v2\/comments?post=5014"}],"wp:attachment":[{"href":"https:\/\/uj.adatbank.ro\/lexikon\/wp-json\/wp\/v2\/media?parent=5014"}],"wp:term":[{"taxonomy":"product_brand","embeddable":true,"href":"https:\/\/uj.adatbank.ro\/lexikon\/wp-json\/wp\/v2\/product_brand?post=5014"},{"taxonomy":"product_cat","embeddable":true,"href":"https:\/\/uj.adatbank.ro\/lexikon\/wp-json\/wp\/v2\/product_cat?post=5014"},{"taxonomy":"product_tag","embeddable":true,"href":"https:\/\/uj.adatbank.ro\/lexikon\/wp-json\/wp\/v2\/product_tag?post=5014"}],"curies":[{"name":"wp","href":"https:\/\/api.w.org\/{rel}","templated":true}]}}