{"id":5016,"date":"2025-06-28T17:00:29","date_gmt":"2025-06-28T15:00:29","guid":{"rendered":"https:\/\/uj.adatbank.ro\/lexikon\/termek\/boer-ferenc-kovesdi\/"},"modified":"2026-02-17T08:49:01","modified_gmt":"2026-02-17T07:49:01","slug":"boer-ferenc-kovesdi","status":"publish","type":"product","link":"https:\/\/uj.adatbank.ro\/lexikon\/termek\/boer-ferenc-kovesdi\/","title":{"rendered":"BO\u00c9R Ferenc, k\u00f6vesdi"},"content":{"rendered":"<p>? \u2020 ? : f\u00f6ldbirtokos, f\u0151isp\u00e1n. \u2013 Feles\u00e9ge: Torma \u00c9va, volt z\u00e1goni Mikes P\u00e1ln\u00e9, aki f\u00e9rje hal\u00e1la ut\u00e1n \u00f6r\u00f6k\u00f6lt, a r\u00e9gi Brenhidai Husz\u00e1r birtokb\u00f3l Abaf\u00e1ja egy r\u00e9sze is az \u0151 hozom\u00e1nya volt. Fiaik: Mikes Kelemen \u00e9s Bo\u00e9r J\u00f3zsef. \u2013 Belesodr\u00f3dott a R\u00e1k\u00f3czi szabads\u00e1gharcba: el\u0151bb I. Lip\u00f3t szolg\u00e1lat\u00e1ban Szil\u00e1gysomly\u00f3 kapit\u00e1nya volt, azt elvesztette, ez\u00e9rt Rabutin hadit\u00f6rv\u00e9nysz\u00e9k el\u00e9 \u00e1ll\u00edtotta, a b\u00fcntet\u00e9st elker\u00fclve R\u00e1k\u00f3czihoz \u00e1llt \u00e9s t\u0151le is hivatalt kapott. A szabads\u00e1gharc lever\u00e9se ut\u00e1n Kraszna megye f\u0151isp\u00e1nja lett.<br \/>\n<strong>Irod.:<\/strong> Kelemen Lajos 2006; Tr\u00f3cs\u00e1nyi 1988<\/p>\n","protected":false},"excerpt":{"rendered":"<p>? \u2020 ? : f\u00f6ldbirtokos, f\u0151isp\u00e1n. \u2013 Feles\u00e9ge: Torma \u00c9va, volt z\u00e1goni Mikes P\u00e1ln\u00e9, aki f\u00e9rje hal\u00e1la ut\u00e1n \u00f6r\u00f6k\u00f6lt, a r\u00e9gi Brenhidai Husz\u00e1r birtokb\u00f3l Abaf\u00e1ja egy r\u00e9sze is az \u0151 hozom\u00e1nya volt. Fiaik: Mikes Kelemen \u00e9s Bo\u00e9r J\u00f3zsef. \u2013 Belesodr\u00f3dott a R\u00e1k\u00f3czi szabads\u00e1gharcba: el\u0151bb I. Lip\u00f3t szolg\u00e1lat\u00e1ban Szil\u00e1gysomly\u00f3 kapit\u00e1nya volt, azt elvesztette, ez\u00e9rt Rabutin hadit\u00f6rv\u00e9nysz\u00e9k [&hellip;]<\/p>\n","protected":false},"featured_media":0,"comment_status":"open","ping_status":"closed","template":"","meta":[],"product_brand":[],"product_cat":[137],"product_tag":[],"class_list":{"0":"post-5016","1":"product","2":"type-product","3":"status-publish","5":"product_cat-maros-megyei-eletrajzi-lexikon","7":"first","8":"instock","9":"shipping-taxable","10":"product-type-simple"},"_links":{"self":[{"href":"https:\/\/uj.adatbank.ro\/lexikon\/wp-json\/wp\/v2\/product\/5016","targetHints":{"allow":["GET"]}}],"collection":[{"href":"https:\/\/uj.adatbank.ro\/lexikon\/wp-json\/wp\/v2\/product"}],"about":[{"href":"https:\/\/uj.adatbank.ro\/lexikon\/wp-json\/wp\/v2\/types\/product"}],"replies":[{"embeddable":true,"href":"https:\/\/uj.adatbank.ro\/lexikon\/wp-json\/wp\/v2\/comments?post=5016"}],"wp:attachment":[{"href":"https:\/\/uj.adatbank.ro\/lexikon\/wp-json\/wp\/v2\/media?parent=5016"}],"wp:term":[{"taxonomy":"product_brand","embeddable":true,"href":"https:\/\/uj.adatbank.ro\/lexikon\/wp-json\/wp\/v2\/product_brand?post=5016"},{"taxonomy":"product_cat","embeddable":true,"href":"https:\/\/uj.adatbank.ro\/lexikon\/wp-json\/wp\/v2\/product_cat?post=5016"},{"taxonomy":"product_tag","embeddable":true,"href":"https:\/\/uj.adatbank.ro\/lexikon\/wp-json\/wp\/v2\/product_tag?post=5016"}],"curies":[{"name":"wp","href":"https:\/\/api.w.org\/{rel}","templated":true}]}}