{"id":5019,"date":"2025-06-28T17:00:33","date_gmt":"2025-06-28T15:00:33","guid":{"rendered":"https:\/\/uj.adatbank.ro\/lexikon\/termek\/boer-gabor-csapoi\/"},"modified":"2025-06-28T17:00:33","modified_gmt":"2025-06-28T15:00:33","slug":"boer-gabor-csapoi","status":"publish","type":"product","link":"https:\/\/uj.adatbank.ro\/lexikon\/termek\/boer-gabor-csapoi\/","title":{"rendered":"BO\u00c9R G\u00e1bor, csap\u00f3i"},"content":{"rendered":"<p>? \u2020 ?: telekk\u00f6nyvezet\u0151. \u2013 Feles\u00e9ge: Szathm\u00e1ri Katinka (1855.? \u2013 Mv., 1880. febr. 3.). Le\u00e1nyaik: Giza, Katinka. \u2013 M. kir. seg\u00e9dtelekk\u00f6nyvezet\u0151. <br \/><strong>Irod.:<\/strong> Gy\u00e1szjelent\u0151<\/br><\/p>\n","protected":false},"excerpt":{"rendered":"<p>? \u2020 ?: telekk\u00f6nyvezet\u0151. \u2013 Feles\u00e9ge: Szathm\u00e1ri Katinka (1855.? \u2013 Mv., 1880. febr. 3.). Le\u00e1nyaik: Giza, Katinka. \u2013 M. kir. seg\u00e9dtelekk\u00f6nyvezet\u0151. Irod.: Gy\u00e1szjelent\u0151<\/p>\n","protected":false},"featured_media":0,"comment_status":"open","ping_status":"closed","template":"","meta":[],"product_brand":[],"product_cat":[137],"product_tag":[],"class_list":{"0":"post-5019","1":"product","2":"type-product","3":"status-publish","5":"product_cat-maros-megyei-eletrajzi-lexikon","7":"first","8":"instock","9":"shipping-taxable","10":"product-type-simple"},"_links":{"self":[{"href":"https:\/\/uj.adatbank.ro\/lexikon\/wp-json\/wp\/v2\/product\/5019","targetHints":{"allow":["GET"]}}],"collection":[{"href":"https:\/\/uj.adatbank.ro\/lexikon\/wp-json\/wp\/v2\/product"}],"about":[{"href":"https:\/\/uj.adatbank.ro\/lexikon\/wp-json\/wp\/v2\/types\/product"}],"replies":[{"embeddable":true,"href":"https:\/\/uj.adatbank.ro\/lexikon\/wp-json\/wp\/v2\/comments?post=5019"}],"wp:attachment":[{"href":"https:\/\/uj.adatbank.ro\/lexikon\/wp-json\/wp\/v2\/media?parent=5019"}],"wp:term":[{"taxonomy":"product_brand","embeddable":true,"href":"https:\/\/uj.adatbank.ro\/lexikon\/wp-json\/wp\/v2\/product_brand?post=5019"},{"taxonomy":"product_cat","embeddable":true,"href":"https:\/\/uj.adatbank.ro\/lexikon\/wp-json\/wp\/v2\/product_cat?post=5019"},{"taxonomy":"product_tag","embeddable":true,"href":"https:\/\/uj.adatbank.ro\/lexikon\/wp-json\/wp\/v2\/product_tag?post=5019"}],"curies":[{"name":"wp","href":"https:\/\/api.w.org\/{rel}","templated":true}]}}