{"id":5020,"date":"2025-06-28T17:00:35","date_gmt":"2025-06-28T15:00:35","guid":{"rendered":"https:\/\/uj.adatbank.ro\/lexikon\/termek\/boer-gyorgy\/"},"modified":"2025-06-28T17:00:35","modified_gmt":"2025-06-28T15:00:35","slug":"boer-gyorgy","status":"publish","type":"product","link":"https:\/\/uj.adatbank.ro\/lexikon\/termek\/boer-gyorgy\/","title":{"rendered":"BO\u00c9R Gy\u00f6rgy"},"content":{"rendered":"<p>? \u2020 ? : sportol\u00f3, edz\u0151. \u2013 A mv.-i Voin\u0163a (Akarat) birkoz\u00f3csapat\u00e1nak edz\u0151je volt; az orsz\u00e1gos v\u00e1logatott vezet\u00e9s\u00e9vel is megb\u00edzt\u00e1k (1955\u201360). Fia: B. Gy. asztaliteniszez\u0151, 30 \u00e9vet sportolt, megnyerte Mv. bajnoki c\u00edm\u00e9t (1960\u201390). <br \/><strong>Irod.:<\/strong> Botezan, Gh.: A jelv\u00e9nygy\u0171jt\u0151 B. Gy. (N\u00fa., 1999. m\u00e1rc. 15.)<\/br><\/p>\n","protected":false},"excerpt":{"rendered":"<p>? \u2020 ? : sportol\u00f3, edz\u0151. \u2013 A mv.-i Voin\u0163a (Akarat) birkoz\u00f3csapat\u00e1nak edz\u0151je volt; az orsz\u00e1gos v\u00e1logatott vezet\u00e9s\u00e9vel is megb\u00edzt\u00e1k (1955\u201360). Fia: B. Gy. asztaliteniszez\u0151, 30 \u00e9vet sportolt, megnyerte Mv. bajnoki c\u00edm\u00e9t (1960\u201390). Irod.: Botezan, Gh.: A jelv\u00e9nygy\u0171jt\u0151 B. Gy. (N\u00fa., 1999. m\u00e1rc. 15.)<\/p>\n","protected":false},"featured_media":0,"comment_status":"open","ping_status":"closed","template":"","meta":[],"product_brand":[],"product_cat":[137],"product_tag":[],"class_list":{"0":"post-5020","1":"product","2":"type-product","3":"status-publish","5":"product_cat-maros-megyei-eletrajzi-lexikon","7":"first","8":"instock","9":"shipping-taxable","10":"product-type-simple"},"_links":{"self":[{"href":"https:\/\/uj.adatbank.ro\/lexikon\/wp-json\/wp\/v2\/product\/5020","targetHints":{"allow":["GET"]}}],"collection":[{"href":"https:\/\/uj.adatbank.ro\/lexikon\/wp-json\/wp\/v2\/product"}],"about":[{"href":"https:\/\/uj.adatbank.ro\/lexikon\/wp-json\/wp\/v2\/types\/product"}],"replies":[{"embeddable":true,"href":"https:\/\/uj.adatbank.ro\/lexikon\/wp-json\/wp\/v2\/comments?post=5020"}],"wp:attachment":[{"href":"https:\/\/uj.adatbank.ro\/lexikon\/wp-json\/wp\/v2\/media?parent=5020"}],"wp:term":[{"taxonomy":"product_brand","embeddable":true,"href":"https:\/\/uj.adatbank.ro\/lexikon\/wp-json\/wp\/v2\/product_brand?post=5020"},{"taxonomy":"product_cat","embeddable":true,"href":"https:\/\/uj.adatbank.ro\/lexikon\/wp-json\/wp\/v2\/product_cat?post=5020"},{"taxonomy":"product_tag","embeddable":true,"href":"https:\/\/uj.adatbank.ro\/lexikon\/wp-json\/wp\/v2\/product_tag?post=5020"}],"curies":[{"name":"wp","href":"https:\/\/api.w.org\/{rel}","templated":true}]}}