{"id":5021,"date":"2025-06-28T17:00:40","date_gmt":"2025-06-28T15:00:40","guid":{"rendered":"https:\/\/uj.adatbank.ro\/lexikon\/termek\/boer-gyorgy-gyalui\/"},"modified":"2025-06-28T17:00:40","modified_gmt":"2025-06-28T15:00:40","slug":"boer-gyorgy-gyalui","status":"publish","type":"product","link":"https:\/\/uj.adatbank.ro\/lexikon\/termek\/boer-gyorgy-gyalui\/","title":{"rendered":"BO\u00c9R Gy\u00f6rgy, gyalui"},"content":{"rendered":"<p>Mv., 1897. szept. 22, \u2020 ? : nyelv\u00e9sz, ut\u00e1szhadnagy. \u2013 B. Gy. a Mv.-i Kieg\u00e9sz\u00edt\u0151 parancsnoks\u00e1g \u0151rnagya (1897), alezredes \u00e9s bar\u00e1thosi Buczi Etelka fia. \u2013 A katonai re\u00e1liskol\u00e1t Mv.-en, Kass\u00e1n \u00e9s Pozsonyban, a katonai akad.-\u00e1t Hainburgban \u00e9s B\u00e9cs\u00fajhelyen v\u00e9gezte, hadnaggy\u00e1 avatt\u00e1k (1918). Szolg\u00e1laton kiv\u00fcl volt (1924\u201340); ism\u00e9t t\u00e9nyleges katonai szolg\u00e1latot teljes\u00edtett (1940\u2013). Szerk. a Tur\u00e1ni \u00c9rtes. (1\u20133. sz., 1939). Nyelv\u00e9szeti, n\u00e9prajzi, t\u00f6rt\u00e9nelmi, f\u00f6ldrajzi cikkeket \u00edrt \u00e9s k\u00f6z\u00f6lt a lapokban. \u2013 <strong>F. m.:<\/strong> Gyakorlati t\u00f6r\u00f6k nyelvtan latinbet\u0171s fonetikus helyes\u00edr\u00e1ssal (Bp., 1934); Minden m. tud t\u00f6r\u00f6k\u00fcl (Bp., 1938); Tanuljunk sz\u00f3rakozva lengyel\u00fcl (Bp., 1939); Rut\u00e9n nyelvtan (Bp., 1939). <br \/><strong>Irod.:<\/strong> Guly\u00e1s; MKL<\/br><\/p>\n","protected":false},"excerpt":{"rendered":"<p>Mv., 1897. szept. 22, \u2020 ? : nyelv\u00e9sz, ut\u00e1szhadnagy. \u2013 B. Gy. a Mv.-i Kieg\u00e9sz\u00edt\u0151 parancsnoks\u00e1g \u0151rnagya (1897), alezredes \u00e9s bar\u00e1thosi Buczi Etelka fia. \u2013 A katonai re\u00e1liskol\u00e1t Mv.-en, Kass\u00e1n \u00e9s Pozsonyban, a katonai akad.-\u00e1t Hainburgban \u00e9s B\u00e9cs\u00fajhelyen v\u00e9gezte, hadnaggy\u00e1 avatt\u00e1k (1918). Szolg\u00e1laton kiv\u00fcl volt (1924\u201340); ism\u00e9t t\u00e9nyleges katonai szolg\u00e1latot teljes\u00edtett (1940\u2013). Szerk. a Tur\u00e1ni [&hellip;]<\/p>\n","protected":false},"featured_media":0,"comment_status":"open","ping_status":"closed","template":"","meta":[],"product_brand":[],"product_cat":[137],"product_tag":[],"class_list":{"0":"post-5021","1":"product","2":"type-product","3":"status-publish","5":"product_cat-maros-megyei-eletrajzi-lexikon","7":"first","8":"instock","9":"shipping-taxable","10":"product-type-simple"},"_links":{"self":[{"href":"https:\/\/uj.adatbank.ro\/lexikon\/wp-json\/wp\/v2\/product\/5021","targetHints":{"allow":["GET"]}}],"collection":[{"href":"https:\/\/uj.adatbank.ro\/lexikon\/wp-json\/wp\/v2\/product"}],"about":[{"href":"https:\/\/uj.adatbank.ro\/lexikon\/wp-json\/wp\/v2\/types\/product"}],"replies":[{"embeddable":true,"href":"https:\/\/uj.adatbank.ro\/lexikon\/wp-json\/wp\/v2\/comments?post=5021"}],"wp:attachment":[{"href":"https:\/\/uj.adatbank.ro\/lexikon\/wp-json\/wp\/v2\/media?parent=5021"}],"wp:term":[{"taxonomy":"product_brand","embeddable":true,"href":"https:\/\/uj.adatbank.ro\/lexikon\/wp-json\/wp\/v2\/product_brand?post=5021"},{"taxonomy":"product_cat","embeddable":true,"href":"https:\/\/uj.adatbank.ro\/lexikon\/wp-json\/wp\/v2\/product_cat?post=5021"},{"taxonomy":"product_tag","embeddable":true,"href":"https:\/\/uj.adatbank.ro\/lexikon\/wp-json\/wp\/v2\/product_tag?post=5021"}],"curies":[{"name":"wp","href":"https:\/\/api.w.org\/{rel}","templated":true}]}}