{"id":5025,"date":"2025-06-28T17:00:45","date_gmt":"2025-06-28T15:00:45","guid":{"rendered":"https:\/\/uj.adatbank.ro\/lexikon\/termek\/boer-karoly\/"},"modified":"2025-06-28T17:00:45","modified_gmt":"2025-06-28T15:00:45","slug":"boer-karoly","status":"publish","type":"product","link":"https:\/\/uj.adatbank.ro\/lexikon\/termek\/boer-karoly\/","title":{"rendered":"BO\u00c9R K\u00e1roly"},"content":{"rendered":"<p>? \u2020\u00a0? : ref. lelk\u00e9sz. \u2013 Mint seg\u00e9dlelk\u00e9sz kezdte m\u0171k\u00f6d\u00e9s\u00e9t Mez\u0151panitban (1899\u20131905), majd K\u00f6vesdre t\u00e1vozott. \u2013 F. m: <strong>t\u00e1rssz.:<\/strong> Maros-V\u00e1s\u00e1rhelyi lexikon (Mv., 1912). <br \/><strong>Irod.:<\/strong> Mez\u0151panit<\/br><\/p>\n","protected":false},"excerpt":{"rendered":"<p>? \u2020\u00a0? : ref. lelk\u00e9sz. \u2013 Mint seg\u00e9dlelk\u00e9sz kezdte m\u0171k\u00f6d\u00e9s\u00e9t Mez\u0151panitban (1899\u20131905), majd K\u00f6vesdre t\u00e1vozott. \u2013 F. m: t\u00e1rssz.: Maros-V\u00e1s\u00e1rhelyi lexikon (Mv., 1912). Irod.: Mez\u0151panit<\/p>\n","protected":false},"featured_media":0,"comment_status":"open","ping_status":"closed","template":"","meta":[],"product_brand":[],"product_cat":[137],"product_tag":[],"class_list":{"0":"post-5025","1":"product","2":"type-product","3":"status-publish","5":"product_cat-maros-megyei-eletrajzi-lexikon","7":"first","8":"instock","9":"shipping-taxable","10":"product-type-simple"},"_links":{"self":[{"href":"https:\/\/uj.adatbank.ro\/lexikon\/wp-json\/wp\/v2\/product\/5025","targetHints":{"allow":["GET"]}}],"collection":[{"href":"https:\/\/uj.adatbank.ro\/lexikon\/wp-json\/wp\/v2\/product"}],"about":[{"href":"https:\/\/uj.adatbank.ro\/lexikon\/wp-json\/wp\/v2\/types\/product"}],"replies":[{"embeddable":true,"href":"https:\/\/uj.adatbank.ro\/lexikon\/wp-json\/wp\/v2\/comments?post=5025"}],"wp:attachment":[{"href":"https:\/\/uj.adatbank.ro\/lexikon\/wp-json\/wp\/v2\/media?parent=5025"}],"wp:term":[{"taxonomy":"product_brand","embeddable":true,"href":"https:\/\/uj.adatbank.ro\/lexikon\/wp-json\/wp\/v2\/product_brand?post=5025"},{"taxonomy":"product_cat","embeddable":true,"href":"https:\/\/uj.adatbank.ro\/lexikon\/wp-json\/wp\/v2\/product_cat?post=5025"},{"taxonomy":"product_tag","embeddable":true,"href":"https:\/\/uj.adatbank.ro\/lexikon\/wp-json\/wp\/v2\/product_tag?post=5025"}],"curies":[{"name":"wp","href":"https:\/\/api.w.org\/{rel}","templated":true}]}}