{"id":5028,"date":"2025-06-28T17:00:52","date_gmt":"2025-06-28T15:00:52","guid":{"rendered":"https:\/\/uj.adatbank.ro\/lexikon\/termek\/boer-laszlo-%c2%a7\/"},"modified":"2025-06-28T17:00:52","modified_gmt":"2025-06-28T15:00:52","slug":"boer-laszlo-%c2%a7","status":"publish","type":"product","link":"https:\/\/uj.adatbank.ro\/lexikon\/termek\/boer-laszlo-%c2%a7\/","title":{"rendered":"BO\u00c9R L\u00e1szl\u00f3, \u00a7"},"content":{"rendered":"<p>Magyarszov\u00e1t, 1907. m\u00e1rc. 28., \u2020 Mv., 1972. szept. 17.: orvos, mikrobiol\u00f3gus, egyetemi el\u0151ad\u00f3tan\u00e1r. \u2013 Feles\u00e9ge: L\u00e9ber Margit matematikai szak\u00edr\u00f3. \u2013 Orvosi oklevel\u00e9t Kv.- on szerezte (1931). Mo.-on \u00e9lt (1931\u201339): Bp.-en az OKI (Orsz\u00e1gos K\u00f6zeg\u00e9szs\u00e9gtani Int\u00e9zet) munkat\u00e1rsa, bakteorol\u00f3giai szerol\u00f3giai tanulm\u00e1nyokat folytatott Bp.-en. Elnyerte a bp.- i Orvostudom\u00e1nyi T\u00e1rsas\u00e1g p\u00e1yad\u00edj\u00e1t (1932). K\u00f3rh\u00e1zi f\u0151orvos Szatm\u00e1ron (1939\u201340). A mv.-i Nemzeti Munkak\u00f6zpont eln\u00f6ke volt (1940\u201344). A MOGYI J\u00e1rv\u00e1nytani Tansz\u00e9k\u00e9nek alap\u00edt\u00f3ja \u00e9s vezet\u0151je (1948\u2013), el\u0151ad\u00f3tan\u00e1ra (1949\u2013); a Mikr\u00f3biol\u00f3gia \u00e9s V\u00edrustani Int\u00e9zet vezet\u0151je (1954\u201360); docens doktor (1972). F\u0151k\u00e9nt j\u00e1rv\u00e1nytani \u00e9s genetikai k\u00e9rd\u00e9\u00adsekkel foglalkozott. Kutat\u00e1si eredm\u00e9nyeit k\u00f6zel 200 tudom\u00e1nyos dolgozatban k\u00f6z\u00f6lte. Szakcikkei jelentek meg a Revista medical\u0103, Orvosi Szemle, Microbiologie-Epidemiologie, Igien\u0103, Revista medico-chirurgical\u0103 din Ia\u015fi c. foly\u00f3iratokban. T\u00f6bb bakteriol\u00f3giai, j\u00e1rv\u00e1nytani jegyzet, tank\u00f6nyv szerz\u0151je, \u2013 <strong>F. m.:<\/strong> Orvosi mikrobiol\u00f3gia (Buk., 1951); \u00c1ltal\u00e1nos j\u00e1rv\u00e1nytani jegyzet (Mv., 1953, 1958); R\u00e9szletes j\u00e1rv\u00e1nytani jegyzet (Mv., 1954); Epidemiologie (Buc., 1966); <strong>t\u00e1rssz.:<\/strong> \u00c1ltal\u00e1nos j\u00e1rv\u00e1nytani jegyzet \u00e9s gyakorlati kompendium (Mv., 1951); Mikrobiol\u00f3gia \u00e9s parazitol\u00f3gia (Haranghy L\u00e1szl\u00f3val; Buk, 1952); Endokrinol\u00f3giai jegyzetek (Mv., 1954); Mikrobiol\u00f3gia (Mv., 1954, 1957); Gu\u015fa endemic\u0103 (Buc., 1957); Bacteriologie medical\u0103 (Buc., 1961); Epidemiologie general\u00e1 \u015fi special\u00e1 (Buc., 1963); Epidemiologie (Buc., 1966); Din istoria luptei antiepidemice \u00een Rom\u00e2nia (Buc., 1972). <br \/><strong>Irod.:<\/strong> Dr. B. L. [Nekrol\u00f3g] (V. Z., 1972. szept. 19.); Bodolai Gy\u00f6ngyi: Tud\u00f3ssorsok (N\u00fa., 2007. nov. 21.); Bottoni 2008; Dezs\u0151 Istv\u00e1n; Id\u0151t\u00e1r 4.; Interj\u00fa Dr. B. L. egyetemi tan\u00e1rral (V. Z., 1966. okt. 30.); Kapronczay; M\u00c9L; RMIL; Sz\u00f6ll\u0151si 2009; Todea\u2013F\u00fcl\u00f6p\u2013Avram; \u00daM\u00c9L; Viharban<\/br><\/p>\n","protected":false},"excerpt":{"rendered":"<p>Magyarszov\u00e1t, 1907. m\u00e1rc. 28., \u2020 Mv., 1972. szept. 17.: orvos, mikrobiol\u00f3gus, egyetemi el\u0151ad\u00f3tan\u00e1r. \u2013 Feles\u00e9ge: L\u00e9ber Margit matematikai szak\u00edr\u00f3. \u2013 Orvosi oklevel\u00e9t Kv.- on szerezte (1931). Mo.-on \u00e9lt (1931\u201339): Bp.-en az OKI (Orsz\u00e1gos K\u00f6zeg\u00e9szs\u00e9gtani Int\u00e9zet) munkat\u00e1rsa, bakteorol\u00f3giai szerol\u00f3giai tanulm\u00e1nyokat folytatott Bp.-en. Elnyerte a bp.- i Orvostudom\u00e1nyi T\u00e1rsas\u00e1g p\u00e1yad\u00edj\u00e1t (1932). K\u00f3rh\u00e1zi f\u0151orvos Szatm\u00e1ron (1939\u201340). A mv.-i [&hellip;]<\/p>\n","protected":false},"featured_media":0,"comment_status":"open","ping_status":"closed","template":"","meta":[],"product_brand":[],"product_cat":[137],"product_tag":[],"class_list":{"0":"post-5028","1":"product","2":"type-product","3":"status-publish","5":"product_cat-maros-megyei-eletrajzi-lexikon","7":"first","8":"instock","9":"shipping-taxable","10":"product-type-simple"},"_links":{"self":[{"href":"https:\/\/uj.adatbank.ro\/lexikon\/wp-json\/wp\/v2\/product\/5028","targetHints":{"allow":["GET"]}}],"collection":[{"href":"https:\/\/uj.adatbank.ro\/lexikon\/wp-json\/wp\/v2\/product"}],"about":[{"href":"https:\/\/uj.adatbank.ro\/lexikon\/wp-json\/wp\/v2\/types\/product"}],"replies":[{"embeddable":true,"href":"https:\/\/uj.adatbank.ro\/lexikon\/wp-json\/wp\/v2\/comments?post=5028"}],"wp:attachment":[{"href":"https:\/\/uj.adatbank.ro\/lexikon\/wp-json\/wp\/v2\/media?parent=5028"}],"wp:term":[{"taxonomy":"product_brand","embeddable":true,"href":"https:\/\/uj.adatbank.ro\/lexikon\/wp-json\/wp\/v2\/product_brand?post=5028"},{"taxonomy":"product_cat","embeddable":true,"href":"https:\/\/uj.adatbank.ro\/lexikon\/wp-json\/wp\/v2\/product_cat?post=5028"},{"taxonomy":"product_tag","embeddable":true,"href":"https:\/\/uj.adatbank.ro\/lexikon\/wp-json\/wp\/v2\/product_tag?post=5028"}],"curies":[{"name":"wp","href":"https:\/\/api.w.org\/{rel}","templated":true}]}}