{"id":5033,"date":"2025-06-28T17:01:02","date_gmt":"2025-06-28T15:01:02","guid":{"rendered":"https:\/\/uj.adatbank.ro\/lexikon\/termek\/boeriu-ion-v\/"},"modified":"2025-06-28T17:01:02","modified_gmt":"2025-06-28T15:01:02","slug":"boeriu-ion-v","status":"publish","type":"product","link":"https:\/\/uj.adatbank.ro\/lexikon\/termek\/boeriu-ion-v\/","title":{"rendered":"BOERIU Ion V."},"content":{"rendered":"<p>Kisikland, 1911. j\u00fan. 5., \u2020 Kv., 1992.: jog\u00e1sz. \u2013 B. Valeriu fia. \u2013 Az elemi iskol\u00e1t R\u00e9genben, a lic.-ot Mv.-en a Papiu Ilarian l\u00edc.-ban (1915\u201328) v\u00e9gezte. Kv.-on jogi doktor\u00e1tust szerzett (1933). Katonai szolg\u00e1latot Mv.-en a 39. t\u00fcz\u00e9rs\u00e9gi ezredn\u00e9l teljes\u00edtett. R\u00e9genben Al. Ceu\u015fianu \u00fcgyv\u00e9di irod\u00e1j\u00e1ban gyakornok (1935\u2013). Seg\u00e9db\u00edr\u00f3 Nagyhalm\u00e1gyon (Arad). Ludason a b\u00e9k\u00edt\u0151 b\u00edr\u00f3s\u00e1gon dolgozott (1937\u201339). Beszterc\u00e9n ideiglenes b\u00edr\u00f3 (1939\u2013). Zalatn\u00e1n b\u00edr\u00f3 (1940\u201348). Beszterc\u00e9n banktisztvisel\u0151 (1948\u2013). Letart\u00f3ztatt\u00e1k \u00e9s \u00edt\u00e9let n\u00e9lk\u00fcl Buk. mellett egy l\u00e1gerben tartott\u00e1k fogva (1950\u201351). Kv.-on a R Tud.-os Akad. fi\u00f3kj\u00e1nak tisztvisel\u0151je (1951\u2013), dokumentarista, majd tudom\u00e1nyos kutat\u00f3 (1964\u2013). Munkat\u00e1rsa volt a Gazeta Literar\u0103, Familia, Ia\u015ful literar, Steaua, Tribuna, Studii \u015fi cercet\u0103ri de istoria artei c. foly\u00f3iratoknak, amelyekben tanulm\u00e1nyai, cikkei, essz\u00e9i, ford\u00edt\u00e1sai jelentek meg. \u00d6n\u00e9letrajzi m\u0171v\u00e9ben hiteles k\u00e9pet ad R\u00e9genr\u0151l \u00e9s a t\u00f6bbi helyr\u0151l ahol \u00e9lt. \u2013 <strong>F. m.:<\/strong> Povestea vie\u0163ii mele (??); <strong>szerk.:<\/strong> Mihai Eminescu: Scrieri de critic\u0103 teatral\u0103 (Buc., 1972); Eminescu M.: Sonete (Buk., 1995). <br \/><strong>Irod.:<\/strong> Regh. Cult. 6<\/br><\/p>\n","protected":false},"excerpt":{"rendered":"<p>Kisikland, 1911. j\u00fan. 5., \u2020 Kv., 1992.: jog\u00e1sz. \u2013 B. Valeriu fia. \u2013 Az elemi iskol\u00e1t R\u00e9genben, a lic.-ot Mv.-en a Papiu Ilarian l\u00edc.-ban (1915\u201328) v\u00e9gezte. Kv.-on jogi doktor\u00e1tust szerzett (1933). Katonai szolg\u00e1latot Mv.-en a 39. t\u00fcz\u00e9rs\u00e9gi ezredn\u00e9l teljes\u00edtett. R\u00e9genben Al. Ceu\u015fianu \u00fcgyv\u00e9di irod\u00e1j\u00e1ban gyakornok (1935\u2013). Seg\u00e9db\u00edr\u00f3 Nagyhalm\u00e1gyon (Arad). Ludason a b\u00e9k\u00edt\u0151 b\u00edr\u00f3s\u00e1gon dolgozott (1937\u201339). [&hellip;]<\/p>\n","protected":false},"featured_media":0,"comment_status":"open","ping_status":"closed","template":"","meta":[],"product_brand":[],"product_cat":[137],"product_tag":[],"class_list":{"0":"post-5033","1":"product","2":"type-product","3":"status-publish","5":"product_cat-maros-megyei-eletrajzi-lexikon","7":"first","8":"instock","9":"shipping-taxable","10":"product-type-simple"},"_links":{"self":[{"href":"https:\/\/uj.adatbank.ro\/lexikon\/wp-json\/wp\/v2\/product\/5033","targetHints":{"allow":["GET"]}}],"collection":[{"href":"https:\/\/uj.adatbank.ro\/lexikon\/wp-json\/wp\/v2\/product"}],"about":[{"href":"https:\/\/uj.adatbank.ro\/lexikon\/wp-json\/wp\/v2\/types\/product"}],"replies":[{"embeddable":true,"href":"https:\/\/uj.adatbank.ro\/lexikon\/wp-json\/wp\/v2\/comments?post=5033"}],"wp:attachment":[{"href":"https:\/\/uj.adatbank.ro\/lexikon\/wp-json\/wp\/v2\/media?parent=5033"}],"wp:term":[{"taxonomy":"product_brand","embeddable":true,"href":"https:\/\/uj.adatbank.ro\/lexikon\/wp-json\/wp\/v2\/product_brand?post=5033"},{"taxonomy":"product_cat","embeddable":true,"href":"https:\/\/uj.adatbank.ro\/lexikon\/wp-json\/wp\/v2\/product_cat?post=5033"},{"taxonomy":"product_tag","embeddable":true,"href":"https:\/\/uj.adatbank.ro\/lexikon\/wp-json\/wp\/v2\/product_tag?post=5033"}],"curies":[{"name":"wp","href":"https:\/\/api.w.org\/{rel}","templated":true}]}}