{"id":5042,"date":"2025-06-28T17:01:17","date_gmt":"2025-06-28T15:01:17","guid":{"rendered":"https:\/\/uj.adatbank.ro\/lexikon\/termek\/bogai-sandor\/"},"modified":"2025-06-28T17:01:17","modified_gmt":"2025-06-28T15:01:17","slug":"bogai-sandor","status":"publish","type":"product","link":"https:\/\/uj.adatbank.ro\/lexikon\/termek\/bogai-sandor\/","title":{"rendered":"BOGAI S\u00e1ndor"},"content":{"rendered":"<p>Marosludas, 1918., \u2020\u00a0Kos\u00f3w, 1944. j\u00fan. 27.: szakaszvezet\u0151. \u2013 Anyja Var\u00f3 Katalin. \u2013 A 27\/III. z\u00e1szl\u00f3alj, neh\u00e9zfegyversz\u00e1zadban tov\u00e1bbszolg\u00e1l\u00f3 szakaszvezet\u0151. l\u00f6v\u00e9szsz\u00e1zad honv\u00e9dje, aknatal\u00e1lat \u00e9rte Kos\u00f3wt\u00f3l \u00e9szakkeletre. A horodi templom melletti temet\u0151ben nyugszik. <br \/><strong>Irod.:<\/strong> Berekm\u00e9ri 2015<\/br><\/p>\n","protected":false},"excerpt":{"rendered":"<p>Marosludas, 1918., \u2020\u00a0Kos\u00f3w, 1944. j\u00fan. 27.: szakaszvezet\u0151. \u2013 Anyja Var\u00f3 Katalin. \u2013 A 27\/III. z\u00e1szl\u00f3alj, neh\u00e9zfegyversz\u00e1zadban tov\u00e1bbszolg\u00e1l\u00f3 szakaszvezet\u0151. l\u00f6v\u00e9szsz\u00e1zad honv\u00e9dje, aknatal\u00e1lat \u00e9rte Kos\u00f3wt\u00f3l \u00e9szakkeletre. A horodi templom melletti temet\u0151ben nyugszik. Irod.: Berekm\u00e9ri 2015<\/p>\n","protected":false},"featured_media":0,"comment_status":"open","ping_status":"closed","template":"","meta":[],"product_brand":[],"product_cat":[137],"product_tag":[],"class_list":{"0":"post-5042","1":"product","2":"type-product","3":"status-publish","5":"product_cat-maros-megyei-eletrajzi-lexikon","7":"first","8":"instock","9":"shipping-taxable","10":"product-type-simple"},"_links":{"self":[{"href":"https:\/\/uj.adatbank.ro\/lexikon\/wp-json\/wp\/v2\/product\/5042","targetHints":{"allow":["GET"]}}],"collection":[{"href":"https:\/\/uj.adatbank.ro\/lexikon\/wp-json\/wp\/v2\/product"}],"about":[{"href":"https:\/\/uj.adatbank.ro\/lexikon\/wp-json\/wp\/v2\/types\/product"}],"replies":[{"embeddable":true,"href":"https:\/\/uj.adatbank.ro\/lexikon\/wp-json\/wp\/v2\/comments?post=5042"}],"wp:attachment":[{"href":"https:\/\/uj.adatbank.ro\/lexikon\/wp-json\/wp\/v2\/media?parent=5042"}],"wp:term":[{"taxonomy":"product_brand","embeddable":true,"href":"https:\/\/uj.adatbank.ro\/lexikon\/wp-json\/wp\/v2\/product_brand?post=5042"},{"taxonomy":"product_cat","embeddable":true,"href":"https:\/\/uj.adatbank.ro\/lexikon\/wp-json\/wp\/v2\/product_cat?post=5042"},{"taxonomy":"product_tag","embeddable":true,"href":"https:\/\/uj.adatbank.ro\/lexikon\/wp-json\/wp\/v2\/product_tag?post=5042"}],"curies":[{"name":"wp","href":"https:\/\/api.w.org\/{rel}","templated":true}]}}