{"id":5043,"date":"2025-06-28T17:01:18","date_gmt":"2025-06-28T15:01:18","guid":{"rendered":"https:\/\/uj.adatbank.ro\/lexikon\/termek\/bogathi-andras\/"},"modified":"2025-06-28T17:01:18","modified_gmt":"2025-06-28T15:01:18","slug":"bogathi-andras","status":"publish","type":"product","link":"https:\/\/uj.adatbank.ro\/lexikon\/termek\/bogathi-andras\/","title":{"rendered":"BOG\u00c1THI Andr\u00e1s"},"content":{"rendered":"<p>? \u2020 ? : birtokos. \u2013 M\u00e1ty\u00e1s kir. elvette t\u0151le a ludasi \u00e9s bog\u00e1ti birtokait \u00e9s Veres Benedeknek, J\u00e1nosnak \u00e9s Istv\u00e1nnak adta (1464. nov.). <br \/><strong>Irod.:<\/strong> Szekeres Ad\u00e9l: Ludas a XV \u2013 XVIII. sz\u00e1zad k\u00f6z\u00f6tt (N\u00fa., 1996. m\u00e1rc. 13.)<\/br><\/p>\n","protected":false},"excerpt":{"rendered":"<p>? \u2020 ? : birtokos. \u2013 M\u00e1ty\u00e1s kir. elvette t\u0151le a ludasi \u00e9s bog\u00e1ti birtokait \u00e9s Veres Benedeknek, J\u00e1nosnak \u00e9s Istv\u00e1nnak adta (1464. nov.). Irod.: Szekeres Ad\u00e9l: Ludas a XV \u2013 XVIII. sz\u00e1zad k\u00f6z\u00f6tt (N\u00fa., 1996. m\u00e1rc. 13.)<\/p>\n","protected":false},"featured_media":0,"comment_status":"open","ping_status":"closed","template":"","meta":[],"product_brand":[],"product_cat":[137],"product_tag":[],"class_list":{"0":"post-5043","1":"product","2":"type-product","3":"status-publish","5":"product_cat-maros-megyei-eletrajzi-lexikon","7":"first","8":"instock","9":"shipping-taxable","10":"product-type-simple"},"_links":{"self":[{"href":"https:\/\/uj.adatbank.ro\/lexikon\/wp-json\/wp\/v2\/product\/5043","targetHints":{"allow":["GET"]}}],"collection":[{"href":"https:\/\/uj.adatbank.ro\/lexikon\/wp-json\/wp\/v2\/product"}],"about":[{"href":"https:\/\/uj.adatbank.ro\/lexikon\/wp-json\/wp\/v2\/types\/product"}],"replies":[{"embeddable":true,"href":"https:\/\/uj.adatbank.ro\/lexikon\/wp-json\/wp\/v2\/comments?post=5043"}],"wp:attachment":[{"href":"https:\/\/uj.adatbank.ro\/lexikon\/wp-json\/wp\/v2\/media?parent=5043"}],"wp:term":[{"taxonomy":"product_brand","embeddable":true,"href":"https:\/\/uj.adatbank.ro\/lexikon\/wp-json\/wp\/v2\/product_brand?post=5043"},{"taxonomy":"product_cat","embeddable":true,"href":"https:\/\/uj.adatbank.ro\/lexikon\/wp-json\/wp\/v2\/product_cat?post=5043"},{"taxonomy":"product_tag","embeddable":true,"href":"https:\/\/uj.adatbank.ro\/lexikon\/wp-json\/wp\/v2\/product_tag?post=5043"}],"curies":[{"name":"wp","href":"https:\/\/api.w.org\/{rel}","templated":true}]}}