{"id":5044,"date":"2025-06-28T17:01:20","date_gmt":"2025-06-28T15:01:20","guid":{"rendered":"https:\/\/uj.adatbank.ro\/lexikon\/termek\/bogathi-boldizsar-bogati\/"},"modified":"2025-06-28T17:01:20","modified_gmt":"2025-06-28T15:01:20","slug":"bogathi-boldizsar-bogati","status":"publish","type":"product","link":"https:\/\/uj.adatbank.ro\/lexikon\/termek\/bogathi-boldizsar-bogati\/","title":{"rendered":"BOG\u00c1THI Boldizs\u00e1r, bog\u00e1ti"},"content":{"rendered":"<p>? \u2020 ? : kir\u00e1lyb\u00edr\u00f3. \u2013 A csal\u00e1d tagjai Marossz\u00e9ken ismeretesek (14. sz. \u2013). A sz\u00e9kelyek egyik alkapit\u00e1nya volt. Nagyerny\u00e9n 3 k\u00fari\u00e1t kapott B\u00e1thori Zsigmondt\u00f3l (1588. nov. 7.). Marossz\u00e9k kir\u00e1lyb\u00edr\u00e1ja (1596). Bocskai Istv\u00e1n k\u00fcldte Toldi Istv\u00e1nnal egy\u00fctt a sz\u00e9kely felkel\u00e9s lecsendes\u00edt\u00e9s\u00e9re. <br \/><strong>Irod.:<\/strong> Id\u0151t\u00e1r 1, P\u00e1lmay<\/br><\/p>\n","protected":false},"excerpt":{"rendered":"<p>? \u2020 ? : kir\u00e1lyb\u00edr\u00f3. \u2013 A csal\u00e1d tagjai Marossz\u00e9ken ismeretesek (14. sz. \u2013). A sz\u00e9kelyek egyik alkapit\u00e1nya volt. Nagyerny\u00e9n 3 k\u00fari\u00e1t kapott B\u00e1thori Zsigmondt\u00f3l (1588. nov. 7.). Marossz\u00e9k kir\u00e1lyb\u00edr\u00e1ja (1596). Bocskai Istv\u00e1n k\u00fcldte Toldi Istv\u00e1nnal egy\u00fctt a sz\u00e9kely felkel\u00e9s lecsendes\u00edt\u00e9s\u00e9re. Irod.: Id\u0151t\u00e1r 1, P\u00e1lmay<\/p>\n","protected":false},"featured_media":0,"comment_status":"open","ping_status":"closed","template":"","meta":[],"product_brand":[],"product_cat":[137],"product_tag":[],"class_list":{"0":"post-5044","1":"product","2":"type-product","3":"status-publish","5":"product_cat-maros-megyei-eletrajzi-lexikon","7":"first","8":"instock","9":"shipping-taxable","10":"product-type-simple"},"_links":{"self":[{"href":"https:\/\/uj.adatbank.ro\/lexikon\/wp-json\/wp\/v2\/product\/5044","targetHints":{"allow":["GET"]}}],"collection":[{"href":"https:\/\/uj.adatbank.ro\/lexikon\/wp-json\/wp\/v2\/product"}],"about":[{"href":"https:\/\/uj.adatbank.ro\/lexikon\/wp-json\/wp\/v2\/types\/product"}],"replies":[{"embeddable":true,"href":"https:\/\/uj.adatbank.ro\/lexikon\/wp-json\/wp\/v2\/comments?post=5044"}],"wp:attachment":[{"href":"https:\/\/uj.adatbank.ro\/lexikon\/wp-json\/wp\/v2\/media?parent=5044"}],"wp:term":[{"taxonomy":"product_brand","embeddable":true,"href":"https:\/\/uj.adatbank.ro\/lexikon\/wp-json\/wp\/v2\/product_brand?post=5044"},{"taxonomy":"product_cat","embeddable":true,"href":"https:\/\/uj.adatbank.ro\/lexikon\/wp-json\/wp\/v2\/product_cat?post=5044"},{"taxonomy":"product_tag","embeddable":true,"href":"https:\/\/uj.adatbank.ro\/lexikon\/wp-json\/wp\/v2\/product_tag?post=5044"}],"curies":[{"name":"wp","href":"https:\/\/api.w.org\/{rel}","templated":true}]}}