{"id":5048,"date":"2025-06-28T17:01:28","date_gmt":"2025-06-28T15:01:28","guid":{"rendered":"https:\/\/uj.adatbank.ro\/lexikon\/termek\/bogathi-menyhart\/"},"modified":"2025-06-28T17:01:28","modified_gmt":"2025-06-28T15:01:28","slug":"bogathi-menyhart","status":"publish","type":"product","link":"https:\/\/uj.adatbank.ro\/lexikon\/termek\/bogathi-menyhart\/","title":{"rendered":"BOG\u00c1THI Menyh\u00e1rt"},"content":{"rendered":"<p>? \u2020 ? : nagybirtokos, fejedelmi tan\u00e1csos. \u2013 Testv\u00e9re: B. Mikl\u00f3s. Feles\u00e9ge: 1. Kendi Zs\u00f3fia., 2. Losonczi B\u00e1nffy Margit, volt Kendi Ferencn\u00e9. \u2013 Az erd\u00e9lyi hadak f\u0151parancsnoka (1605). V\u00e9grendelete Radn\u00f3ton kelt (1606. m\u00e1rc. 29). H\u00e1za volt: Bog\u00e1t, Beresztelke, Radn\u00f3t, Magyar\u00f3, Vajdaszentiv\u00e1ny falvakban, G\u00f6rg\u00e9ny v\u00e1r\u00e1t testv\u00e9r\u00e9vel egy\u00fctt, Bog\u00e1thi Mikl\u00f3ssal b\u00edrta. \u0150sjosz\u00e1ga volt: Ludason, Kelementelk\u00e9n, Orosziban, Szentjakabon, Cintoson. Radn\u00f3tot \u00e9s a hozz\u00e1tartoz\u00f3 birtokokat Bocskai Istv\u00e1n fejedelemt\u0151l kapta valamint Marosd\u00e1tost, Maroslekenc\u00e9t, Iklandot, Kapust, Maroskisfaludot, D\u00e9get, Kocs\u00e1rdot \u00e9s Bal\u00e1zstelk\u00e9t. Orvos\u00e1t, Borb\u00e9ly Krist\u00f3fot kisebb r\u00e9szjosz\u00e1ggal jutalmazta. <br \/><strong>Irod.:<\/strong> Erd\u00e9lyi testamentumok, 3.<\/br><\/p>\n","protected":false},"excerpt":{"rendered":"<p>? \u2020 ? : nagybirtokos, fejedelmi tan\u00e1csos. \u2013 Testv\u00e9re: B. Mikl\u00f3s. Feles\u00e9ge: 1. Kendi Zs\u00f3fia., 2. Losonczi B\u00e1nffy Margit, volt Kendi Ferencn\u00e9. \u2013 Az erd\u00e9lyi hadak f\u0151parancsnoka (1605). V\u00e9grendelete Radn\u00f3ton kelt (1606. m\u00e1rc. 29). H\u00e1za volt: Bog\u00e1t, Beresztelke, Radn\u00f3t, Magyar\u00f3, Vajdaszentiv\u00e1ny falvakban, G\u00f6rg\u00e9ny v\u00e1r\u00e1t testv\u00e9r\u00e9vel egy\u00fctt, Bog\u00e1thi Mikl\u00f3ssal b\u00edrta. \u0150sjosz\u00e1ga volt: Ludason, Kelementelk\u00e9n, Orosziban, Szentjakabon, [&hellip;]<\/p>\n","protected":false},"featured_media":0,"comment_status":"open","ping_status":"closed","template":"","meta":[],"product_brand":[],"product_cat":[137],"product_tag":[],"class_list":{"0":"post-5048","1":"product","2":"type-product","3":"status-publish","5":"product_cat-maros-megyei-eletrajzi-lexikon","7":"first","8":"instock","9":"shipping-taxable","10":"product-type-simple"},"_links":{"self":[{"href":"https:\/\/uj.adatbank.ro\/lexikon\/wp-json\/wp\/v2\/product\/5048","targetHints":{"allow":["GET"]}}],"collection":[{"href":"https:\/\/uj.adatbank.ro\/lexikon\/wp-json\/wp\/v2\/product"}],"about":[{"href":"https:\/\/uj.adatbank.ro\/lexikon\/wp-json\/wp\/v2\/types\/product"}],"replies":[{"embeddable":true,"href":"https:\/\/uj.adatbank.ro\/lexikon\/wp-json\/wp\/v2\/comments?post=5048"}],"wp:attachment":[{"href":"https:\/\/uj.adatbank.ro\/lexikon\/wp-json\/wp\/v2\/media?parent=5048"}],"wp:term":[{"taxonomy":"product_brand","embeddable":true,"href":"https:\/\/uj.adatbank.ro\/lexikon\/wp-json\/wp\/v2\/product_brand?post=5048"},{"taxonomy":"product_cat","embeddable":true,"href":"https:\/\/uj.adatbank.ro\/lexikon\/wp-json\/wp\/v2\/product_cat?post=5048"},{"taxonomy":"product_tag","embeddable":true,"href":"https:\/\/uj.adatbank.ro\/lexikon\/wp-json\/wp\/v2\/product_tag?post=5048"}],"curies":[{"name":"wp","href":"https:\/\/api.w.org\/{rel}","templated":true}]}}