{"id":5051,"date":"2025-06-28T17:01:33","date_gmt":"2025-06-28T15:01:33","guid":{"rendered":"https:\/\/uj.adatbank.ro\/lexikon\/termek\/bogdan-antal\/"},"modified":"2025-06-28T17:01:33","modified_gmt":"2025-06-28T15:01:33","slug":"bogdan-antal","status":"publish","type":"product","link":"https:\/\/uj.adatbank.ro\/lexikon\/termek\/bogdan-antal\/","title":{"rendered":"BOGD\u00c1N Antal"},"content":{"rendered":"<p>1805, \u2020 Mv., 1848. dec. 1.: Feles\u00e9ge: 1. Lejbel M\u00e1ria. Gyermekeik: M\u00e1ria. (1841. aug. 30.), Anna (1843. j\u00fal. 24. \u2013): 2. G\u00e1sp\u00e1r M\u00e1ria, 1812 \u2020 1857. m\u00e1j. 15. Le\u00e1nyuk: Roz\u00e1lia (1845. m\u00e1j. 22.- ?). <br \/><strong>Irod.:<\/strong> Pusk\u00e1s\u2013Sz\u00e1sz \u00c1. R.<\/br><\/p>\n","protected":false},"excerpt":{"rendered":"<p>1805, \u2020 Mv., 1848. dec. 1.: Feles\u00e9ge: 1. Lejbel M\u00e1ria. Gyermekeik: M\u00e1ria. (1841. aug. 30.), Anna (1843. j\u00fal. 24. \u2013): 2. G\u00e1sp\u00e1r M\u00e1ria, 1812 \u2020 1857. m\u00e1j. 15. Le\u00e1nyuk: Roz\u00e1lia (1845. m\u00e1j. 22.- ?). Irod.: Pusk\u00e1s\u2013Sz\u00e1sz \u00c1. R.<\/p>\n","protected":false},"featured_media":0,"comment_status":"open","ping_status":"closed","template":"","meta":[],"product_brand":[],"product_cat":[137],"product_tag":[],"class_list":{"0":"post-5051","1":"product","2":"type-product","3":"status-publish","5":"product_cat-maros-megyei-eletrajzi-lexikon","7":"first","8":"instock","9":"shipping-taxable","10":"product-type-simple"},"_links":{"self":[{"href":"https:\/\/uj.adatbank.ro\/lexikon\/wp-json\/wp\/v2\/product\/5051","targetHints":{"allow":["GET"]}}],"collection":[{"href":"https:\/\/uj.adatbank.ro\/lexikon\/wp-json\/wp\/v2\/product"}],"about":[{"href":"https:\/\/uj.adatbank.ro\/lexikon\/wp-json\/wp\/v2\/types\/product"}],"replies":[{"embeddable":true,"href":"https:\/\/uj.adatbank.ro\/lexikon\/wp-json\/wp\/v2\/comments?post=5051"}],"wp:attachment":[{"href":"https:\/\/uj.adatbank.ro\/lexikon\/wp-json\/wp\/v2\/media?parent=5051"}],"wp:term":[{"taxonomy":"product_brand","embeddable":true,"href":"https:\/\/uj.adatbank.ro\/lexikon\/wp-json\/wp\/v2\/product_brand?post=5051"},{"taxonomy":"product_cat","embeddable":true,"href":"https:\/\/uj.adatbank.ro\/lexikon\/wp-json\/wp\/v2\/product_cat?post=5051"},{"taxonomy":"product_tag","embeddable":true,"href":"https:\/\/uj.adatbank.ro\/lexikon\/wp-json\/wp\/v2\/product_tag?post=5051"}],"curies":[{"name":"wp","href":"https:\/\/api.w.org\/{rel}","templated":true}]}}