{"id":5052,"date":"2025-06-28T17:01:36","date_gmt":"2025-06-28T15:01:36","guid":{"rendered":"https:\/\/uj.adatbank.ro\/lexikon\/termek\/bogdan-aurel\/"},"modified":"2025-06-28T17:01:36","modified_gmt":"2025-06-28T15:01:36","slug":"bogdan-aurel","status":"publish","type":"product","link":"https:\/\/uj.adatbank.ro\/lexikon\/termek\/bogdan-aurel\/","title":{"rendered":"BOGDAN Aurel"},"content":{"rendered":"<p>Lack\u00f3d, 1912. dec. 12., \u2020 ? : tan\u00edt\u00f3. \u2013 Tan\u00edtott Guly\u00e1s-on, Mez\u0151cs\u00e1v\u00e1son, Lack\u00f3don. <br \/><strong>Irod.:<\/strong> Omagiu<\/br><\/p>\n","protected":false},"excerpt":{"rendered":"<p>Lack\u00f3d, 1912. dec. 12., \u2020 ? : tan\u00edt\u00f3. \u2013 Tan\u00edtott Guly\u00e1s-on, Mez\u0151cs\u00e1v\u00e1son, Lack\u00f3don. Irod.: Omagiu<\/p>\n","protected":false},"featured_media":0,"comment_status":"open","ping_status":"closed","template":"","meta":[],"product_brand":[],"product_cat":[137],"product_tag":[],"class_list":{"0":"post-5052","1":"product","2":"type-product","3":"status-publish","5":"product_cat-maros-megyei-eletrajzi-lexikon","7":"first","8":"instock","9":"shipping-taxable","10":"product-type-simple"},"_links":{"self":[{"href":"https:\/\/uj.adatbank.ro\/lexikon\/wp-json\/wp\/v2\/product\/5052","targetHints":{"allow":["GET"]}}],"collection":[{"href":"https:\/\/uj.adatbank.ro\/lexikon\/wp-json\/wp\/v2\/product"}],"about":[{"href":"https:\/\/uj.adatbank.ro\/lexikon\/wp-json\/wp\/v2\/types\/product"}],"replies":[{"embeddable":true,"href":"https:\/\/uj.adatbank.ro\/lexikon\/wp-json\/wp\/v2\/comments?post=5052"}],"wp:attachment":[{"href":"https:\/\/uj.adatbank.ro\/lexikon\/wp-json\/wp\/v2\/media?parent=5052"}],"wp:term":[{"taxonomy":"product_brand","embeddable":true,"href":"https:\/\/uj.adatbank.ro\/lexikon\/wp-json\/wp\/v2\/product_brand?post=5052"},{"taxonomy":"product_cat","embeddable":true,"href":"https:\/\/uj.adatbank.ro\/lexikon\/wp-json\/wp\/v2\/product_cat?post=5052"},{"taxonomy":"product_tag","embeddable":true,"href":"https:\/\/uj.adatbank.ro\/lexikon\/wp-json\/wp\/v2\/product_tag?post=5052"}],"curies":[{"name":"wp","href":"https:\/\/api.w.org\/{rel}","templated":true}]}}