{"id":5056,"date":"2025-06-28T17:01:44","date_gmt":"2025-06-28T15:01:44","guid":{"rendered":"https:\/\/uj.adatbank.ro\/lexikon\/termek\/bogdan-janos\/"},"modified":"2025-06-28T17:01:44","modified_gmt":"2025-06-28T15:01:44","slug":"bogdan-janos","status":"publish","type":"product","link":"https:\/\/uj.adatbank.ro\/lexikon\/termek\/bogdan-janos\/","title":{"rendered":"BOGD\u00c1N J\u00e1nos"},"content":{"rendered":"<p>? \u2020 1993.: sportvezet\u0151. \u2013 A buk-i Dinamon\u00e1l kezdte tev\u00e9kenys\u00e9g\u00e9t (1950); Mv.-re ker\u00fclt (1956\u2013), a Megyei Sportsz\u00f6vets\u00e9g eln\u00f6ke (1961\u20131979), az Electro-Mure\u015f Sportklub eln\u00f6ke (1980\u201385), futball- \u00e9s \u00f6k\u00f6lv\u00edv\u00f3b\u00edr\u00f3. <br \/><strong>Irod.:<\/strong> MMK<\/br><\/p>\n","protected":false},"excerpt":{"rendered":"<p>? \u2020 1993.: sportvezet\u0151. \u2013 A buk-i Dinamon\u00e1l kezdte tev\u00e9kenys\u00e9g\u00e9t (1950); Mv.-re ker\u00fclt (1956\u2013), a Megyei Sportsz\u00f6vets\u00e9g eln\u00f6ke (1961\u20131979), az Electro-Mure\u015f Sportklub eln\u00f6ke (1980\u201385), futball- \u00e9s \u00f6k\u00f6lv\u00edv\u00f3b\u00edr\u00f3. Irod.: MMK<\/p>\n","protected":false},"featured_media":0,"comment_status":"open","ping_status":"closed","template":"","meta":[],"product_brand":[],"product_cat":[137],"product_tag":[],"class_list":{"0":"post-5056","1":"product","2":"type-product","3":"status-publish","5":"product_cat-maros-megyei-eletrajzi-lexikon","7":"first","8":"instock","9":"shipping-taxable","10":"product-type-simple"},"_links":{"self":[{"href":"https:\/\/uj.adatbank.ro\/lexikon\/wp-json\/wp\/v2\/product\/5056","targetHints":{"allow":["GET"]}}],"collection":[{"href":"https:\/\/uj.adatbank.ro\/lexikon\/wp-json\/wp\/v2\/product"}],"about":[{"href":"https:\/\/uj.adatbank.ro\/lexikon\/wp-json\/wp\/v2\/types\/product"}],"replies":[{"embeddable":true,"href":"https:\/\/uj.adatbank.ro\/lexikon\/wp-json\/wp\/v2\/comments?post=5056"}],"wp:attachment":[{"href":"https:\/\/uj.adatbank.ro\/lexikon\/wp-json\/wp\/v2\/media?parent=5056"}],"wp:term":[{"taxonomy":"product_brand","embeddable":true,"href":"https:\/\/uj.adatbank.ro\/lexikon\/wp-json\/wp\/v2\/product_brand?post=5056"},{"taxonomy":"product_cat","embeddable":true,"href":"https:\/\/uj.adatbank.ro\/lexikon\/wp-json\/wp\/v2\/product_cat?post=5056"},{"taxonomy":"product_tag","embeddable":true,"href":"https:\/\/uj.adatbank.ro\/lexikon\/wp-json\/wp\/v2\/product_tag?post=5056"}],"curies":[{"name":"wp","href":"https:\/\/api.w.org\/{rel}","templated":true}]}}