{"id":5057,"date":"2025-06-28T17:01:47","date_gmt":"2025-06-28T15:01:47","guid":{"rendered":"https:\/\/uj.adatbank.ro\/lexikon\/termek\/bogdan-lukacs\/"},"modified":"2025-06-28T17:01:47","modified_gmt":"2025-06-28T15:01:47","slug":"bogdan-lukacs","status":"publish","type":"product","link":"https:\/\/uj.adatbank.ro\/lexikon\/termek\/bogdan-lukacs\/","title":{"rendered":"BOGD\u00c1N Luk\u00e1cs"},"content":{"rendered":"<p>? \u2020 ?: Mv.-i \u00f6rm\u00e9ny csal\u00e1d: feles\u00e9ge Fej\u00e9r Krisztina. Gyerekeik Ferenc *1815 \u2020 1822. \u00e1pr. 12., Mih\u00e1ly (1824. okt. 24.- ? ); Adeod\u00e1t, 1827\u20131831. \u00e1pr. 7.-<br \/><strong>Irod.:<\/strong> Pusk\u00e1s \u2013Sz\u00e1sz \u00c1. R.<\/br><\/p>\n","protected":false},"excerpt":{"rendered":"<p>? \u2020 ?: Mv.-i \u00f6rm\u00e9ny csal\u00e1d: feles\u00e9ge Fej\u00e9r Krisztina. Gyerekeik Ferenc *1815 \u2020 1822. \u00e1pr. 12., Mih\u00e1ly (1824. okt. 24.- ? ); Adeod\u00e1t, 1827\u20131831. \u00e1pr. 7.-Irod.: Pusk\u00e1s \u2013Sz\u00e1sz \u00c1. R.<\/p>\n","protected":false},"featured_media":0,"comment_status":"open","ping_status":"closed","template":"","meta":[],"product_brand":[],"product_cat":[137],"product_tag":[],"class_list":{"0":"post-5057","1":"product","2":"type-product","3":"status-publish","5":"product_cat-maros-megyei-eletrajzi-lexikon","7":"first","8":"instock","9":"shipping-taxable","10":"product-type-simple"},"_links":{"self":[{"href":"https:\/\/uj.adatbank.ro\/lexikon\/wp-json\/wp\/v2\/product\/5057","targetHints":{"allow":["GET"]}}],"collection":[{"href":"https:\/\/uj.adatbank.ro\/lexikon\/wp-json\/wp\/v2\/product"}],"about":[{"href":"https:\/\/uj.adatbank.ro\/lexikon\/wp-json\/wp\/v2\/types\/product"}],"replies":[{"embeddable":true,"href":"https:\/\/uj.adatbank.ro\/lexikon\/wp-json\/wp\/v2\/comments?post=5057"}],"wp:attachment":[{"href":"https:\/\/uj.adatbank.ro\/lexikon\/wp-json\/wp\/v2\/media?parent=5057"}],"wp:term":[{"taxonomy":"product_brand","embeddable":true,"href":"https:\/\/uj.adatbank.ro\/lexikon\/wp-json\/wp\/v2\/product_brand?post=5057"},{"taxonomy":"product_cat","embeddable":true,"href":"https:\/\/uj.adatbank.ro\/lexikon\/wp-json\/wp\/v2\/product_cat?post=5057"},{"taxonomy":"product_tag","embeddable":true,"href":"https:\/\/uj.adatbank.ro\/lexikon\/wp-json\/wp\/v2\/product_tag?post=5057"}],"curies":[{"name":"wp","href":"https:\/\/api.w.org\/{rel}","templated":true}]}}