{"id":5058,"date":"2025-06-28T17:01:48","date_gmt":"2025-06-28T15:01:48","guid":{"rendered":"https:\/\/uj.adatbank.ro\/lexikon\/termek\/bogdan-marton\/"},"modified":"2025-06-28T17:01:48","modified_gmt":"2025-06-28T15:01:48","slug":"bogdan-marton","status":"publish","type":"product","link":"https:\/\/uj.adatbank.ro\/lexikon\/termek\/bogdan-marton\/","title":{"rendered":"BOGD\u00c1N M\u00e1rton"},"content":{"rendered":"<p>? \u2020 ? : Mv.-i \u00f6rm\u00e9ny csal\u00e1d: Apja Bogd\u00e1n Adeodat, anyja Lengyel Anna. Feles\u00e9ge Lengyel M\u00e1ria Anna. Gyermekeik: Anna Veronika (1790. febr. 7.-?); Luk\u00e1cs J\u00f3zsef (1792. \u00e1pr. 28.- ?); Rebeka (1800. \u00e1pr. 20.- ?). <br \/><strong>Irod.:<\/strong> Pusk\u00e1s\u2013Sz\u00e1sz \u00c1v\u00e9d<\/br><\/p>\n","protected":false},"excerpt":{"rendered":"<p>? \u2020 ? : Mv.-i \u00f6rm\u00e9ny csal\u00e1d: Apja Bogd\u00e1n Adeodat, anyja Lengyel Anna. Feles\u00e9ge Lengyel M\u00e1ria Anna. Gyermekeik: Anna Veronika (1790. febr. 7.-?); Luk\u00e1cs J\u00f3zsef (1792. \u00e1pr. 28.- ?); Rebeka (1800. \u00e1pr. 20.- ?). Irod.: Pusk\u00e1s\u2013Sz\u00e1sz \u00c1v\u00e9d<\/p>\n","protected":false},"featured_media":0,"comment_status":"open","ping_status":"closed","template":"","meta":[],"product_brand":[],"product_cat":[137],"product_tag":[],"class_list":{"0":"post-5058","1":"product","2":"type-product","3":"status-publish","5":"product_cat-maros-megyei-eletrajzi-lexikon","7":"first","8":"instock","9":"shipping-taxable","10":"product-type-simple"},"_links":{"self":[{"href":"https:\/\/uj.adatbank.ro\/lexikon\/wp-json\/wp\/v2\/product\/5058","targetHints":{"allow":["GET"]}}],"collection":[{"href":"https:\/\/uj.adatbank.ro\/lexikon\/wp-json\/wp\/v2\/product"}],"about":[{"href":"https:\/\/uj.adatbank.ro\/lexikon\/wp-json\/wp\/v2\/types\/product"}],"replies":[{"embeddable":true,"href":"https:\/\/uj.adatbank.ro\/lexikon\/wp-json\/wp\/v2\/comments?post=5058"}],"wp:attachment":[{"href":"https:\/\/uj.adatbank.ro\/lexikon\/wp-json\/wp\/v2\/media?parent=5058"}],"wp:term":[{"taxonomy":"product_brand","embeddable":true,"href":"https:\/\/uj.adatbank.ro\/lexikon\/wp-json\/wp\/v2\/product_brand?post=5058"},{"taxonomy":"product_cat","embeddable":true,"href":"https:\/\/uj.adatbank.ro\/lexikon\/wp-json\/wp\/v2\/product_cat?post=5058"},{"taxonomy":"product_tag","embeddable":true,"href":"https:\/\/uj.adatbank.ro\/lexikon\/wp-json\/wp\/v2\/product_tag?post=5058"}],"curies":[{"name":"wp","href":"https:\/\/api.w.org\/{rel}","templated":true}]}}