{"id":5059,"date":"2025-06-28T17:01:49","date_gmt":"2025-06-28T15:01:49","guid":{"rendered":"https:\/\/uj.adatbank.ro\/lexikon\/termek\/bogdan-roza\/"},"modified":"2025-06-28T17:01:49","modified_gmt":"2025-06-28T15:01:49","slug":"bogdan-roza","status":"publish","type":"product","link":"https:\/\/uj.adatbank.ro\/lexikon\/termek\/bogdan-roza\/","title":{"rendered":"BOGD\u00c1N R\u00f3za"},"content":{"rendered":"<p>Bereck, 1867., \u2020 Bereck, 1937.: Boogd\u00e1n Istv\u00e1n \u00e9s Zakari\u00e1s M\u00e1ria l\u00e1nya. F\u00e9rje: a mv.-i sz\u00fclet\u00e9s\u0171 Nagy G\u00e9za, (1858\u20131909), tan\u00edt\u00f3. Gyermekeik: Nagy G\u00e9za (1890\u20131986), tan\u00edt\u00f3, feles\u00e9ge Postik Anna. Gyermekeik: \u00c9va (19?4\u2020\u00a0?), tan\u00edt\u00f3n\u0151, G\u00e9za (1928\u20132008), gimn\u00e1ziumi tan\u00e1r, feles\u00e9ge Varga \u00c9va), Ervin (1930\u2013), k\u00e9pz\u0151m\u0171v\u00e9sz, feles\u00e9ge: Bodoczis Ida). <br \/><strong>Irod.:<\/strong> Sz\u00e1va 2012<\/br><\/p>\n","protected":false},"excerpt":{"rendered":"<p>Bereck, 1867., \u2020 Bereck, 1937.: Boogd\u00e1n Istv\u00e1n \u00e9s Zakari\u00e1s M\u00e1ria l\u00e1nya. F\u00e9rje: a mv.-i sz\u00fclet\u00e9s\u0171 Nagy G\u00e9za, (1858\u20131909), tan\u00edt\u00f3. Gyermekeik: Nagy G\u00e9za (1890\u20131986), tan\u00edt\u00f3, feles\u00e9ge Postik Anna. Gyermekeik: \u00c9va (19?4\u2020\u00a0?), tan\u00edt\u00f3n\u0151, G\u00e9za (1928\u20132008), gimn\u00e1ziumi tan\u00e1r, feles\u00e9ge Varga \u00c9va), Ervin (1930\u2013), k\u00e9pz\u0151m\u0171v\u00e9sz, feles\u00e9ge: Bodoczis Ida). Irod.: Sz\u00e1va 2012<\/p>\n","protected":false},"featured_media":0,"comment_status":"open","ping_status":"closed","template":"","meta":[],"product_brand":[],"product_cat":[137],"product_tag":[],"class_list":{"0":"post-5059","1":"product","2":"type-product","3":"status-publish","5":"product_cat-maros-megyei-eletrajzi-lexikon","7":"first","8":"instock","9":"shipping-taxable","10":"product-type-simple"},"_links":{"self":[{"href":"https:\/\/uj.adatbank.ro\/lexikon\/wp-json\/wp\/v2\/product\/5059","targetHints":{"allow":["GET"]}}],"collection":[{"href":"https:\/\/uj.adatbank.ro\/lexikon\/wp-json\/wp\/v2\/product"}],"about":[{"href":"https:\/\/uj.adatbank.ro\/lexikon\/wp-json\/wp\/v2\/types\/product"}],"replies":[{"embeddable":true,"href":"https:\/\/uj.adatbank.ro\/lexikon\/wp-json\/wp\/v2\/comments?post=5059"}],"wp:attachment":[{"href":"https:\/\/uj.adatbank.ro\/lexikon\/wp-json\/wp\/v2\/media?parent=5059"}],"wp:term":[{"taxonomy":"product_brand","embeddable":true,"href":"https:\/\/uj.adatbank.ro\/lexikon\/wp-json\/wp\/v2\/product_brand?post=5059"},{"taxonomy":"product_cat","embeddable":true,"href":"https:\/\/uj.adatbank.ro\/lexikon\/wp-json\/wp\/v2\/product_cat?post=5059"},{"taxonomy":"product_tag","embeddable":true,"href":"https:\/\/uj.adatbank.ro\/lexikon\/wp-json\/wp\/v2\/product_tag?post=5059"}],"curies":[{"name":"wp","href":"https:\/\/api.w.org\/{rel}","templated":true}]}}