{"id":5061,"date":"2025-06-28T17:01:52","date_gmt":"2025-06-28T15:01:52","guid":{"rendered":"https:\/\/uj.adatbank.ro\/lexikon\/termek\/bogdandy-sandor\/"},"modified":"2025-06-28T17:01:52","modified_gmt":"2025-06-28T15:01:52","slug":"bogdandy-sandor","status":"publish","type":"product","link":"https:\/\/uj.adatbank.ro\/lexikon\/termek\/bogdandy-sandor\/","title":{"rendered":"BOGD\u00c1NDY S\u00e1ndor"},"content":{"rendered":"<p>1856 k., \u2020 ? : p\u00e9nz\u00fcgy\u0151ri f\u0151biztos. \u2013 \u00c1llami szolg\u00e1latban volt a kv.-i nagyszalontai \u00e9s mv.-i p\u00e9nz\u00fcgy\u0151rs\u00e9gen (\u20131915). Cikkeit k\u00f6zli a Sopron, nagyv\u00e1radi Szabads\u00e1g P\u00e9nz\u00fcgy\u0151r. \u2013 <strong>F. m.:<\/strong> \u00datmutat\u00e1s a m\u0171kedvel\u0151 f\u00e9nyk\u00e9p\u00e9szek r\u00e9sz\u00e9re (Nagyszalonta, 1899). <br \/><strong>Irod.:<\/strong> Guly\u00e1s<\/br><\/p>\n","protected":false},"excerpt":{"rendered":"<p>1856 k., \u2020 ? : p\u00e9nz\u00fcgy\u0151ri f\u0151biztos. \u2013 \u00c1llami szolg\u00e1latban volt a kv.-i nagyszalontai \u00e9s mv.-i p\u00e9nz\u00fcgy\u0151rs\u00e9gen (\u20131915). Cikkeit k\u00f6zli a Sopron, nagyv\u00e1radi Szabads\u00e1g P\u00e9nz\u00fcgy\u0151r. \u2013 F. m.: \u00datmutat\u00e1s a m\u0171kedvel\u0151 f\u00e9nyk\u00e9p\u00e9szek r\u00e9sz\u00e9re (Nagyszalonta, 1899). Irod.: Guly\u00e1s<\/p>\n","protected":false},"featured_media":0,"comment_status":"open","ping_status":"closed","template":"","meta":[],"product_brand":[],"product_cat":[137],"product_tag":[],"class_list":{"0":"post-5061","1":"product","2":"type-product","3":"status-publish","5":"product_cat-maros-megyei-eletrajzi-lexikon","7":"first","8":"instock","9":"shipping-taxable","10":"product-type-simple"},"_links":{"self":[{"href":"https:\/\/uj.adatbank.ro\/lexikon\/wp-json\/wp\/v2\/product\/5061","targetHints":{"allow":["GET"]}}],"collection":[{"href":"https:\/\/uj.adatbank.ro\/lexikon\/wp-json\/wp\/v2\/product"}],"about":[{"href":"https:\/\/uj.adatbank.ro\/lexikon\/wp-json\/wp\/v2\/types\/product"}],"replies":[{"embeddable":true,"href":"https:\/\/uj.adatbank.ro\/lexikon\/wp-json\/wp\/v2\/comments?post=5061"}],"wp:attachment":[{"href":"https:\/\/uj.adatbank.ro\/lexikon\/wp-json\/wp\/v2\/media?parent=5061"}],"wp:term":[{"taxonomy":"product_brand","embeddable":true,"href":"https:\/\/uj.adatbank.ro\/lexikon\/wp-json\/wp\/v2\/product_brand?post=5061"},{"taxonomy":"product_cat","embeddable":true,"href":"https:\/\/uj.adatbank.ro\/lexikon\/wp-json\/wp\/v2\/product_cat?post=5061"},{"taxonomy":"product_tag","embeddable":true,"href":"https:\/\/uj.adatbank.ro\/lexikon\/wp-json\/wp\/v2\/product_tag?post=5061"}],"curies":[{"name":"wp","href":"https:\/\/api.w.org\/{rel}","templated":true}]}}