{"id":5063,"date":"2025-06-28T17:01:57","date_gmt":"2025-06-28T15:01:57","guid":{"rendered":"https:\/\/uj.adatbank.ro\/lexikon\/termek\/bogdanffy-istvan\/"},"modified":"2025-06-28T17:01:57","modified_gmt":"2025-06-28T15:01:57","slug":"bogdanffy-istvan","status":"publish","type":"product","link":"https:\/\/uj.adatbank.ro\/lexikon\/termek\/bogdanffy-istvan\/","title":{"rendered":"BOGD\u00c1NFFY Istv\u00e1n"},"content":{"rendered":"<p>? \u2020 ? : keresked\u0151. \u2013 Mv.-en volt d\u00edszm\u0171 \u00e9s f\u00e9rfidivat keresked\u00e9se (1890 k.). K\u00e9peslapkiad\u00f3 is (1899). <br \/><strong>Irod.:<\/strong> Csepreghy; Csepreghy 2010<\/br><\/p>\n","protected":false},"excerpt":{"rendered":"<p>? \u2020 ? : keresked\u0151. \u2013 Mv.-en volt d\u00edszm\u0171 \u00e9s f\u00e9rfidivat keresked\u00e9se (1890 k.). K\u00e9peslapkiad\u00f3 is (1899). Irod.: Csepreghy; Csepreghy 2010<\/p>\n","protected":false},"featured_media":0,"comment_status":"open","ping_status":"closed","template":"","meta":[],"product_brand":[],"product_cat":[137],"product_tag":[],"class_list":{"0":"post-5063","1":"product","2":"type-product","3":"status-publish","5":"product_cat-maros-megyei-eletrajzi-lexikon","7":"first","8":"instock","9":"shipping-taxable","10":"product-type-simple"},"_links":{"self":[{"href":"https:\/\/uj.adatbank.ro\/lexikon\/wp-json\/wp\/v2\/product\/5063","targetHints":{"allow":["GET"]}}],"collection":[{"href":"https:\/\/uj.adatbank.ro\/lexikon\/wp-json\/wp\/v2\/product"}],"about":[{"href":"https:\/\/uj.adatbank.ro\/lexikon\/wp-json\/wp\/v2\/types\/product"}],"replies":[{"embeddable":true,"href":"https:\/\/uj.adatbank.ro\/lexikon\/wp-json\/wp\/v2\/comments?post=5063"}],"wp:attachment":[{"href":"https:\/\/uj.adatbank.ro\/lexikon\/wp-json\/wp\/v2\/media?parent=5063"}],"wp:term":[{"taxonomy":"product_brand","embeddable":true,"href":"https:\/\/uj.adatbank.ro\/lexikon\/wp-json\/wp\/v2\/product_brand?post=5063"},{"taxonomy":"product_cat","embeddable":true,"href":"https:\/\/uj.adatbank.ro\/lexikon\/wp-json\/wp\/v2\/product_cat?post=5063"},{"taxonomy":"product_tag","embeddable":true,"href":"https:\/\/uj.adatbank.ro\/lexikon\/wp-json\/wp\/v2\/product_tag?post=5063"}],"curies":[{"name":"wp","href":"https:\/\/api.w.org\/{rel}","templated":true}]}}