{"id":5064,"date":"2025-06-28T17:01:59","date_gmt":"2025-06-28T15:01:59","guid":{"rendered":"https:\/\/uj.adatbank.ro\/lexikon\/termek\/bogdanffy-istvan-szamosujvari\/"},"modified":"2025-06-28T17:01:59","modified_gmt":"2025-06-28T15:01:59","slug":"bogdanffy-istvan-szamosujvari","status":"publish","type":"product","link":"https:\/\/uj.adatbank.ro\/lexikon\/termek\/bogdanffy-istvan-szamosujvari\/","title":{"rendered":"BOGD\u00c1NFFY Istv\u00e1n, szamos\u00fajv\u00e1ri"},"content":{"rendered":"<p>Mv., 1897., \u2020 ? : tan\u00e1r. \u2013 A tan\u00fcgyi p\u00e1ly\u00e1ra l\u00e9pett (1920\u2013), term\u00e9szetrajzszakos, Bp.-en el\u0151bb a polg\u00e1ri majd a fels\u0151 kereskedelmi iskol\u00e1ban tan\u00edtott (1920\u2013). \u2013 <strong>F. m.:<\/strong> <strong>t\u00e1rssz.:<\/strong> Term\u00e9szettan (Bp., 1928); Term\u00e9szettan: A kereskedelmi k\u00f6z\u00e9piskol\u00e1k II. oszt\u00e1lya sz\u00e1m\u00e1ra (Bp., 1941). <br \/><strong>Irod.:<\/strong> Guly\u00e1s; P\u00e1lmay<\/br><\/p>\n","protected":false},"excerpt":{"rendered":"<p>Mv., 1897., \u2020 ? : tan\u00e1r. \u2013 A tan\u00fcgyi p\u00e1ly\u00e1ra l\u00e9pett (1920\u2013), term\u00e9szetrajzszakos, Bp.-en el\u0151bb a polg\u00e1ri majd a fels\u0151 kereskedelmi iskol\u00e1ban tan\u00edtott (1920\u2013). \u2013 F. m.: t\u00e1rssz.: Term\u00e9szettan (Bp., 1928); Term\u00e9szettan: A kereskedelmi k\u00f6z\u00e9piskol\u00e1k II. oszt\u00e1lya sz\u00e1m\u00e1ra (Bp., 1941). Irod.: Guly\u00e1s; P\u00e1lmay<\/p>\n","protected":false},"featured_media":0,"comment_status":"open","ping_status":"closed","template":"","meta":[],"product_brand":[],"product_cat":[137],"product_tag":[],"class_list":{"0":"post-5064","1":"product","2":"type-product","3":"status-publish","5":"product_cat-maros-megyei-eletrajzi-lexikon","7":"first","8":"instock","9":"shipping-taxable","10":"product-type-simple"},"_links":{"self":[{"href":"https:\/\/uj.adatbank.ro\/lexikon\/wp-json\/wp\/v2\/product\/5064","targetHints":{"allow":["GET"]}}],"collection":[{"href":"https:\/\/uj.adatbank.ro\/lexikon\/wp-json\/wp\/v2\/product"}],"about":[{"href":"https:\/\/uj.adatbank.ro\/lexikon\/wp-json\/wp\/v2\/types\/product"}],"replies":[{"embeddable":true,"href":"https:\/\/uj.adatbank.ro\/lexikon\/wp-json\/wp\/v2\/comments?post=5064"}],"wp:attachment":[{"href":"https:\/\/uj.adatbank.ro\/lexikon\/wp-json\/wp\/v2\/media?parent=5064"}],"wp:term":[{"taxonomy":"product_brand","embeddable":true,"href":"https:\/\/uj.adatbank.ro\/lexikon\/wp-json\/wp\/v2\/product_brand?post=5064"},{"taxonomy":"product_cat","embeddable":true,"href":"https:\/\/uj.adatbank.ro\/lexikon\/wp-json\/wp\/v2\/product_cat?post=5064"},{"taxonomy":"product_tag","embeddable":true,"href":"https:\/\/uj.adatbank.ro\/lexikon\/wp-json\/wp\/v2\/product_tag?post=5064"}],"curies":[{"name":"wp","href":"https:\/\/api.w.org\/{rel}","templated":true}]}}