{"id":5065,"date":"2025-06-28T17:02:01","date_gmt":"2025-06-28T15:02:01","guid":{"rendered":"https:\/\/uj.adatbank.ro\/lexikon\/termek\/bogdanffy-nikolaus\/"},"modified":"2025-06-28T17:02:01","modified_gmt":"2025-06-28T15:02:01","slug":"bogdanffy-nikolaus","status":"publish","type":"product","link":"https:\/\/uj.adatbank.ro\/lexikon\/termek\/bogdanffy-nikolaus\/","title":{"rendered":"BOGD\u00c1NFFY Nikolaus"},"content":{"rendered":"<p>Zilah, 1853.? \u2020 ? : orvos. \u2013 Apja f\u00f6ldbirtokos. \u2013 Orvosi tanulm\u00e1nyokat B\u00e9csben (1876\u2013) \u00e9s Kv.-on (1880\u201383) folytatott. Gyakorl\u00f3 orvos Ny\u00e1r\u00e1dszered\u00e1ban (1887\u2013), majd tisztiorvos (1890). <br \/><strong>Irod.:<\/strong> Szab\u00f3\u2013Simon\u2013Sz\u00f6gi<\/br><\/p>\n","protected":false},"excerpt":{"rendered":"<p>Zilah, 1853.? \u2020 ? : orvos. \u2013 Apja f\u00f6ldbirtokos. \u2013 Orvosi tanulm\u00e1nyokat B\u00e9csben (1876\u2013) \u00e9s Kv.-on (1880\u201383) folytatott. Gyakorl\u00f3 orvos Ny\u00e1r\u00e1dszered\u00e1ban (1887\u2013), majd tisztiorvos (1890). Irod.: Szab\u00f3\u2013Simon\u2013Sz\u00f6gi<\/p>\n","protected":false},"featured_media":0,"comment_status":"open","ping_status":"closed","template":"","meta":[],"product_brand":[],"product_cat":[137],"product_tag":[],"class_list":{"0":"post-5065","1":"product","2":"type-product","3":"status-publish","5":"product_cat-maros-megyei-eletrajzi-lexikon","7":"first","8":"instock","9":"shipping-taxable","10":"product-type-simple"},"_links":{"self":[{"href":"https:\/\/uj.adatbank.ro\/lexikon\/wp-json\/wp\/v2\/product\/5065","targetHints":{"allow":["GET"]}}],"collection":[{"href":"https:\/\/uj.adatbank.ro\/lexikon\/wp-json\/wp\/v2\/product"}],"about":[{"href":"https:\/\/uj.adatbank.ro\/lexikon\/wp-json\/wp\/v2\/types\/product"}],"replies":[{"embeddable":true,"href":"https:\/\/uj.adatbank.ro\/lexikon\/wp-json\/wp\/v2\/comments?post=5065"}],"wp:attachment":[{"href":"https:\/\/uj.adatbank.ro\/lexikon\/wp-json\/wp\/v2\/media?parent=5065"}],"wp:term":[{"taxonomy":"product_brand","embeddable":true,"href":"https:\/\/uj.adatbank.ro\/lexikon\/wp-json\/wp\/v2\/product_brand?post=5065"},{"taxonomy":"product_cat","embeddable":true,"href":"https:\/\/uj.adatbank.ro\/lexikon\/wp-json\/wp\/v2\/product_cat?post=5065"},{"taxonomy":"product_tag","embeddable":true,"href":"https:\/\/uj.adatbank.ro\/lexikon\/wp-json\/wp\/v2\/product_tag?post=5065"}],"curies":[{"name":"wp","href":"https:\/\/api.w.org\/{rel}","templated":true}]}}