{"id":5066,"date":"2025-06-28T17:02:02","date_gmt":"2025-06-28T15:02:02","guid":{"rendered":"https:\/\/uj.adatbank.ro\/lexikon\/termek\/boge-orban-balazs-p\/"},"modified":"2025-06-28T17:02:02","modified_gmt":"2025-06-28T15:02:02","slug":"boge-orban-balazs-p","status":"publish","type":"product","link":"https:\/\/uj.adatbank.ro\/lexikon\/termek\/boge-orban-balazs-p\/","title":{"rendered":"B\u00d6GE Orb\u00e1n Bal\u00e1zs, P."},"content":{"rendered":"<p>Gyergy\u00f3alfalu, 1719. \u2020\u00a0Mikh\u00e1za, 1780. febr. 15.: r. k. szerzetes. \u2013 Ferencrendi szerzetes, be\u00f6lt\u00f6z\u00f6tt (1740. okt. 1.), felszentelt\u00e9k (1744. febr. 2.). T\u00f6bb helyen volt lelk\u00e9sz. <br \/><strong>Irod.:<\/strong> Gy\u00f6rgy: A ferencrendiek<\/br><\/p>\n","protected":false},"excerpt":{"rendered":"<p>Gyergy\u00f3alfalu, 1719. \u2020\u00a0Mikh\u00e1za, 1780. febr. 15.: r. k. szerzetes. \u2013 Ferencrendi szerzetes, be\u00f6lt\u00f6z\u00f6tt (1740. okt. 1.), felszentelt\u00e9k (1744. febr. 2.). T\u00f6bb helyen volt lelk\u00e9sz. Irod.: Gy\u00f6rgy: A ferencrendiek<\/p>\n","protected":false},"featured_media":0,"comment_status":"open","ping_status":"closed","template":"","meta":[],"product_brand":[],"product_cat":[137],"product_tag":[],"class_list":{"0":"post-5066","1":"product","2":"type-product","3":"status-publish","5":"product_cat-maros-megyei-eletrajzi-lexikon","7":"first","8":"instock","9":"shipping-taxable","10":"product-type-simple"},"_links":{"self":[{"href":"https:\/\/uj.adatbank.ro\/lexikon\/wp-json\/wp\/v2\/product\/5066","targetHints":{"allow":["GET"]}}],"collection":[{"href":"https:\/\/uj.adatbank.ro\/lexikon\/wp-json\/wp\/v2\/product"}],"about":[{"href":"https:\/\/uj.adatbank.ro\/lexikon\/wp-json\/wp\/v2\/types\/product"}],"replies":[{"embeddable":true,"href":"https:\/\/uj.adatbank.ro\/lexikon\/wp-json\/wp\/v2\/comments?post=5066"}],"wp:attachment":[{"href":"https:\/\/uj.adatbank.ro\/lexikon\/wp-json\/wp\/v2\/media?parent=5066"}],"wp:term":[{"taxonomy":"product_brand","embeddable":true,"href":"https:\/\/uj.adatbank.ro\/lexikon\/wp-json\/wp\/v2\/product_brand?post=5066"},{"taxonomy":"product_cat","embeddable":true,"href":"https:\/\/uj.adatbank.ro\/lexikon\/wp-json\/wp\/v2\/product_cat?post=5066"},{"taxonomy":"product_tag","embeddable":true,"href":"https:\/\/uj.adatbank.ro\/lexikon\/wp-json\/wp\/v2\/product_tag?post=5066"}],"curies":[{"name":"wp","href":"https:\/\/api.w.org\/{rel}","templated":true}]}}