{"id":5067,"date":"2025-06-28T17:02:05","date_gmt":"2025-06-28T15:02:05","guid":{"rendered":"https:\/\/uj.adatbank.ro\/lexikon\/termek\/bogner-georgius-bognerus-georgius\/"},"modified":"2025-06-28T17:02:05","modified_gmt":"2025-06-28T15:02:05","slug":"bogner-georgius-bognerus-georgius","status":"publish","type":"product","link":"https:\/\/uj.adatbank.ro\/lexikon\/termek\/bogner-georgius-bognerus-georgius\/","title":{"rendered":"BOGNER Georgius, Bognerus Georgius"},"content":{"rendered":"<p>Sz\u00e1szr\u00e9gen, ?, \u2020 Sz\u00e1szr\u00e9gen, 1743. febr. 28.: lelk\u00e9sz. \u2013 Tanult Szebenben (1703), Wittenbergben (1708). Lelkip\u00e1sztor Sz\u00e1szr\u00e9genben (\u20131719), Als\u00f3idecsen (1719\u2013), Sz\u00e1szr\u00e9genben (1740\u2013). <br \/><strong>Irod.:<\/strong> Szab\u00f3\u2013Sz\u00f6gi<\/br><\/p>\n","protected":false},"excerpt":{"rendered":"<p>Sz\u00e1szr\u00e9gen, ?, \u2020 Sz\u00e1szr\u00e9gen, 1743. febr. 28.: lelk\u00e9sz. \u2013 Tanult Szebenben (1703), Wittenbergben (1708). Lelkip\u00e1sztor Sz\u00e1szr\u00e9genben (\u20131719), Als\u00f3idecsen (1719\u2013), Sz\u00e1szr\u00e9genben (1740\u2013). Irod.: Szab\u00f3\u2013Sz\u00f6gi<\/p>\n","protected":false},"featured_media":0,"comment_status":"open","ping_status":"closed","template":"","meta":[],"product_brand":[],"product_cat":[137],"product_tag":[],"class_list":{"0":"post-5067","1":"product","2":"type-product","3":"status-publish","5":"product_cat-maros-megyei-eletrajzi-lexikon","7":"first","8":"instock","9":"shipping-taxable","10":"product-type-simple"},"_links":{"self":[{"href":"https:\/\/uj.adatbank.ro\/lexikon\/wp-json\/wp\/v2\/product\/5067","targetHints":{"allow":["GET"]}}],"collection":[{"href":"https:\/\/uj.adatbank.ro\/lexikon\/wp-json\/wp\/v2\/product"}],"about":[{"href":"https:\/\/uj.adatbank.ro\/lexikon\/wp-json\/wp\/v2\/types\/product"}],"replies":[{"embeddable":true,"href":"https:\/\/uj.adatbank.ro\/lexikon\/wp-json\/wp\/v2\/comments?post=5067"}],"wp:attachment":[{"href":"https:\/\/uj.adatbank.ro\/lexikon\/wp-json\/wp\/v2\/media?parent=5067"}],"wp:term":[{"taxonomy":"product_brand","embeddable":true,"href":"https:\/\/uj.adatbank.ro\/lexikon\/wp-json\/wp\/v2\/product_brand?post=5067"},{"taxonomy":"product_cat","embeddable":true,"href":"https:\/\/uj.adatbank.ro\/lexikon\/wp-json\/wp\/v2\/product_cat?post=5067"},{"taxonomy":"product_tag","embeddable":true,"href":"https:\/\/uj.adatbank.ro\/lexikon\/wp-json\/wp\/v2\/product_tag?post=5067"}],"curies":[{"name":"wp","href":"https:\/\/api.w.org\/{rel}","templated":true}]}}