{"id":5068,"date":"2025-06-28T17:02:07","date_gmt":"2025-06-28T15:02:07","guid":{"rendered":"https:\/\/uj.adatbank.ro\/lexikon\/termek\/bogner-paulus-bogner-pal\/"},"modified":"2025-06-28T17:02:07","modified_gmt":"2025-06-28T15:02:07","slug":"bogner-paulus-bogner-pal","status":"publish","type":"product","link":"https:\/\/uj.adatbank.ro\/lexikon\/termek\/bogner-paulus-bogner-pal\/","title":{"rendered":"BOGNER Paulus, Bogner P\u00e1l"},"content":{"rendered":"<p>Sz\u00e1szr\u00e9gen, ? \u2020 Sz\u00e1szr\u00e9gen, 1785.: lelk\u00e9sz. \u2013 Tanult T\u00fcbengenben (1739). Lelkip\u00e1sztor Als\u00f3idecsen (1756), Sz\u00e1szr\u00e9genben (1781\u201385). A sz\u00e1szr\u00e9geni ev. templom olt\u00e1ra al\u00e1 temett\u00e9k el. <br \/><strong>Irod.:<\/strong> B\u00edr\u00f3 Don\u00e1t; Szab\u00f3\u2013Sz\u00f6gi<\/br><\/p>\n","protected":false},"excerpt":{"rendered":"<p>Sz\u00e1szr\u00e9gen, ? \u2020 Sz\u00e1szr\u00e9gen, 1785.: lelk\u00e9sz. \u2013 Tanult T\u00fcbengenben (1739). Lelkip\u00e1sztor Als\u00f3idecsen (1756), Sz\u00e1szr\u00e9genben (1781\u201385). A sz\u00e1szr\u00e9geni ev. templom olt\u00e1ra al\u00e1 temett\u00e9k el. Irod.: B\u00edr\u00f3 Don\u00e1t; Szab\u00f3\u2013Sz\u00f6gi<\/p>\n","protected":false},"featured_media":0,"comment_status":"open","ping_status":"closed","template":"","meta":[],"product_brand":[],"product_cat":[137],"product_tag":[],"class_list":{"0":"post-5068","1":"product","2":"type-product","3":"status-publish","5":"product_cat-maros-megyei-eletrajzi-lexikon","7":"first","8":"instock","9":"shipping-taxable","10":"product-type-simple"},"_links":{"self":[{"href":"https:\/\/uj.adatbank.ro\/lexikon\/wp-json\/wp\/v2\/product\/5068","targetHints":{"allow":["GET"]}}],"collection":[{"href":"https:\/\/uj.adatbank.ro\/lexikon\/wp-json\/wp\/v2\/product"}],"about":[{"href":"https:\/\/uj.adatbank.ro\/lexikon\/wp-json\/wp\/v2\/types\/product"}],"replies":[{"embeddable":true,"href":"https:\/\/uj.adatbank.ro\/lexikon\/wp-json\/wp\/v2\/comments?post=5068"}],"wp:attachment":[{"href":"https:\/\/uj.adatbank.ro\/lexikon\/wp-json\/wp\/v2\/media?parent=5068"}],"wp:term":[{"taxonomy":"product_brand","embeddable":true,"href":"https:\/\/uj.adatbank.ro\/lexikon\/wp-json\/wp\/v2\/product_brand?post=5068"},{"taxonomy":"product_cat","embeddable":true,"href":"https:\/\/uj.adatbank.ro\/lexikon\/wp-json\/wp\/v2\/product_cat?post=5068"},{"taxonomy":"product_tag","embeddable":true,"href":"https:\/\/uj.adatbank.ro\/lexikon\/wp-json\/wp\/v2\/product_tag?post=5068"}],"curies":[{"name":"wp","href":"https:\/\/api.w.org\/{rel}","templated":true}]}}