{"id":5070,"date":"2025-06-28T17:02:11","date_gmt":"2025-06-28T15:02:11","guid":{"rendered":"https:\/\/uj.adatbank.ro\/lexikon\/termek\/bogos-janos-bagos-janos\/"},"modified":"2025-06-28T17:02:11","modified_gmt":"2025-06-28T15:02:11","slug":"bogos-janos-bagos-janos","status":"publish","type":"product","link":"https:\/\/uj.adatbank.ro\/lexikon\/termek\/bogos-janos-bagos-janos\/","title":{"rendered":"BOGOS J\u00e1nos, Bagos J\u00e1nos"},"content":{"rendered":"<p>Cs\u00edksomly\u00f3, 1807. szept. 13., Ol\u00e1hl\u00e1posb\u00e1nya, 1852. j\u00fal. 19.: r. k. pap, tan\u00e1r. \u2013 Tan\u00e1r Gyulafeh\u00e9rv\u00e1ron. Pl\u00e9b\u00e1nos Abosfalv\u00e1n (1830\u201334), Sz\u00e1szr\u00e9genben pl\u00e9b\u00e1nos (1834\u201342), Ol\u00e1hl\u00e1posb\u00e1ny\u00e1n (1842-) \u00e9s alesperes, iskolai fel\u00fcgyel\u0151 (1851-). <br \/><strong>Irod.:<\/strong> Ferenczi S\u00e1ndor 2009<\/br><\/p>\n","protected":false},"excerpt":{"rendered":"<p>Cs\u00edksomly\u00f3, 1807. szept. 13., Ol\u00e1hl\u00e1posb\u00e1nya, 1852. j\u00fal. 19.: r. k. pap, tan\u00e1r. \u2013 Tan\u00e1r Gyulafeh\u00e9rv\u00e1ron. Pl\u00e9b\u00e1nos Abosfalv\u00e1n (1830\u201334), Sz\u00e1szr\u00e9genben pl\u00e9b\u00e1nos (1834\u201342), Ol\u00e1hl\u00e1posb\u00e1ny\u00e1n (1842-) \u00e9s alesperes, iskolai fel\u00fcgyel\u0151 (1851-). Irod.: Ferenczi S\u00e1ndor 2009<\/p>\n","protected":false},"featured_media":0,"comment_status":"open","ping_status":"closed","template":"","meta":[],"product_brand":[],"product_cat":[137],"product_tag":[],"class_list":{"0":"post-5070","1":"product","2":"type-product","3":"status-publish","5":"product_cat-maros-megyei-eletrajzi-lexikon","7":"first","8":"instock","9":"shipping-taxable","10":"product-type-simple"},"_links":{"self":[{"href":"https:\/\/uj.adatbank.ro\/lexikon\/wp-json\/wp\/v2\/product\/5070","targetHints":{"allow":["GET"]}}],"collection":[{"href":"https:\/\/uj.adatbank.ro\/lexikon\/wp-json\/wp\/v2\/product"}],"about":[{"href":"https:\/\/uj.adatbank.ro\/lexikon\/wp-json\/wp\/v2\/types\/product"}],"replies":[{"embeddable":true,"href":"https:\/\/uj.adatbank.ro\/lexikon\/wp-json\/wp\/v2\/comments?post=5070"}],"wp:attachment":[{"href":"https:\/\/uj.adatbank.ro\/lexikon\/wp-json\/wp\/v2\/media?parent=5070"}],"wp:term":[{"taxonomy":"product_brand","embeddable":true,"href":"https:\/\/uj.adatbank.ro\/lexikon\/wp-json\/wp\/v2\/product_brand?post=5070"},{"taxonomy":"product_cat","embeddable":true,"href":"https:\/\/uj.adatbank.ro\/lexikon\/wp-json\/wp\/v2\/product_cat?post=5070"},{"taxonomy":"product_tag","embeddable":true,"href":"https:\/\/uj.adatbank.ro\/lexikon\/wp-json\/wp\/v2\/product_tag?post=5070"}],"curies":[{"name":"wp","href":"https:\/\/api.w.org\/{rel}","templated":true}]}}