{"id":5072,"date":"2025-06-28T17:02:14","date_gmt":"2025-06-28T15:02:14","guid":{"rendered":"https:\/\/uj.adatbank.ro\/lexikon\/termek\/bogozi-lajos\/"},"modified":"2025-06-28T17:02:14","modified_gmt":"2025-06-28T15:02:14","slug":"bogozi-lajos","status":"publish","type":"product","link":"https:\/\/uj.adatbank.ro\/lexikon\/termek\/bogozi-lajos\/","title":{"rendered":"B\u00d6G\u00d6ZI Lajos"},"content":{"rendered":"<p>K\u00e9zdiszentkereszt, 1812. aug. 25., \u2020 ?: r. k. pap. \u2013 Papp\u00e1 szentelt\u00e9k (1910. j\u00fan. 13.). K\u00e1pl\u00e1n volt Gyergy\u00f3szentmikl\u00f3son, Cs\u00edksomly\u00f3n (1836), pl\u00e9b\u00e1nos Abosfalv\u00e1n (1837\u201346), Ebesfalv\u00e1n (1846\u201349), ker\u00fcleti jegyz\u0151 (1848) \u00e9s Kily\u00e9nfalv\u00e1n (1849). <br \/><strong>Irod.:<\/strong> Ferenczi S\u00e1ndor 2009<\/br><\/p>\n","protected":false},"excerpt":{"rendered":"<p>K\u00e9zdiszentkereszt, 1812. aug. 25., \u2020 ?: r. k. pap. \u2013 Papp\u00e1 szentelt\u00e9k (1910. j\u00fan. 13.). K\u00e1pl\u00e1n volt Gyergy\u00f3szentmikl\u00f3son, Cs\u00edksomly\u00f3n (1836), pl\u00e9b\u00e1nos Abosfalv\u00e1n (1837\u201346), Ebesfalv\u00e1n (1846\u201349), ker\u00fcleti jegyz\u0151 (1848) \u00e9s Kily\u00e9nfalv\u00e1n (1849). Irod.: Ferenczi S\u00e1ndor 2009<\/p>\n","protected":false},"featured_media":0,"comment_status":"open","ping_status":"closed","template":"","meta":[],"product_brand":[],"product_cat":[137],"product_tag":[],"class_list":{"0":"post-5072","1":"product","2":"type-product","3":"status-publish","5":"product_cat-maros-megyei-eletrajzi-lexikon","7":"first","8":"instock","9":"shipping-taxable","10":"product-type-simple"},"_links":{"self":[{"href":"https:\/\/uj.adatbank.ro\/lexikon\/wp-json\/wp\/v2\/product\/5072","targetHints":{"allow":["GET"]}}],"collection":[{"href":"https:\/\/uj.adatbank.ro\/lexikon\/wp-json\/wp\/v2\/product"}],"about":[{"href":"https:\/\/uj.adatbank.ro\/lexikon\/wp-json\/wp\/v2\/types\/product"}],"replies":[{"embeddable":true,"href":"https:\/\/uj.adatbank.ro\/lexikon\/wp-json\/wp\/v2\/comments?post=5072"}],"wp:attachment":[{"href":"https:\/\/uj.adatbank.ro\/lexikon\/wp-json\/wp\/v2\/media?parent=5072"}],"wp:term":[{"taxonomy":"product_brand","embeddable":true,"href":"https:\/\/uj.adatbank.ro\/lexikon\/wp-json\/wp\/v2\/product_brand?post=5072"},{"taxonomy":"product_cat","embeddable":true,"href":"https:\/\/uj.adatbank.ro\/lexikon\/wp-json\/wp\/v2\/product_cat?post=5072"},{"taxonomy":"product_tag","embeddable":true,"href":"https:\/\/uj.adatbank.ro\/lexikon\/wp-json\/wp\/v2\/product_tag?post=5072"}],"curies":[{"name":"wp","href":"https:\/\/api.w.org\/{rel}","templated":true}]}}