{"id":5073,"date":"2025-06-28T17:02:16","date_gmt":"2025-06-28T15:02:16","guid":{"rendered":"https:\/\/uj.adatbank.ro\/lexikon\/termek\/bogozi-marton\/"},"modified":"2025-06-28T17:02:16","modified_gmt":"2025-06-28T15:02:16","slug":"bogozi-marton","status":"publish","type":"product","link":"https:\/\/uj.adatbank.ro\/lexikon\/termek\/bogozi-marton\/","title":{"rendered":"B\u00d6G\u00d6ZI M\u00e1rton"},"content":{"rendered":"<p>? \u2020 ? : tan\u00edt\u00f3, iskolamester. \u2013 Cs\u00e1v\u00e1son m\u0171k\u00f6d\u00f6tt (1650\u201360 k.). Dadai J\u00e1nos esperesi vizit\u00e1ci\u00f3s d\u00edcs\u00e9ret\u00e9ben r\u00e9szes\u00fclt. <br \/><strong>Irod.:<\/strong> Cs\u00e1v\u00e1s; Cs\u00e1v\u00e1si eml\u00e9kk\u00f6nyv; K\u00fck\u00fcll\u0151i Ref. Egyh\u00e1zm. 1.<\/br><\/p>\n","protected":false},"excerpt":{"rendered":"<p>? \u2020 ? : tan\u00edt\u00f3, iskolamester. \u2013 Cs\u00e1v\u00e1son m\u0171k\u00f6d\u00f6tt (1650\u201360 k.). Dadai J\u00e1nos esperesi vizit\u00e1ci\u00f3s d\u00edcs\u00e9ret\u00e9ben r\u00e9szes\u00fclt. Irod.: Cs\u00e1v\u00e1s; Cs\u00e1v\u00e1si eml\u00e9kk\u00f6nyv; K\u00fck\u00fcll\u0151i Ref. Egyh\u00e1zm. 1.<\/p>\n","protected":false},"featured_media":0,"comment_status":"open","ping_status":"closed","template":"","meta":[],"product_brand":[],"product_cat":[137],"product_tag":[],"class_list":{"0":"post-5073","1":"product","2":"type-product","3":"status-publish","5":"product_cat-maros-megyei-eletrajzi-lexikon","7":"first","8":"instock","9":"shipping-taxable","10":"product-type-simple"},"_links":{"self":[{"href":"https:\/\/uj.adatbank.ro\/lexikon\/wp-json\/wp\/v2\/product\/5073","targetHints":{"allow":["GET"]}}],"collection":[{"href":"https:\/\/uj.adatbank.ro\/lexikon\/wp-json\/wp\/v2\/product"}],"about":[{"href":"https:\/\/uj.adatbank.ro\/lexikon\/wp-json\/wp\/v2\/types\/product"}],"replies":[{"embeddable":true,"href":"https:\/\/uj.adatbank.ro\/lexikon\/wp-json\/wp\/v2\/comments?post=5073"}],"wp:attachment":[{"href":"https:\/\/uj.adatbank.ro\/lexikon\/wp-json\/wp\/v2\/media?parent=5073"}],"wp:term":[{"taxonomy":"product_brand","embeddable":true,"href":"https:\/\/uj.adatbank.ro\/lexikon\/wp-json\/wp\/v2\/product_brand?post=5073"},{"taxonomy":"product_cat","embeddable":true,"href":"https:\/\/uj.adatbank.ro\/lexikon\/wp-json\/wp\/v2\/product_cat?post=5073"},{"taxonomy":"product_tag","embeddable":true,"href":"https:\/\/uj.adatbank.ro\/lexikon\/wp-json\/wp\/v2\/product_tag?post=5073"}],"curies":[{"name":"wp","href":"https:\/\/api.w.org\/{rel}","templated":true}]}}