{"id":5077,"date":"2025-06-28T17:02:23","date_gmt":"2025-06-28T15:02:23","guid":{"rendered":"https:\/\/uj.adatbank.ro\/lexikon\/termek\/bogyo-nicolae-bogyo-miklos\/"},"modified":"2025-06-28T17:02:23","modified_gmt":"2025-06-28T15:02:23","slug":"bogyo-nicolae-bogyo-miklos","status":"publish","type":"product","link":"https:\/\/uj.adatbank.ro\/lexikon\/termek\/bogyo-nicolae-bogyo-miklos\/","title":{"rendered":"BOGY\u00d3 Nicolae, Bogy\u00f3 Mikl\u00f3s"},"content":{"rendered":"<p>? \u2020\u00a0? : hadnagy. \u2013 A sz\u00e1szr\u00e9geni rajoni Securitate f\u0151n\u00f6ke, hadnagy (1952), elt\u00e1vol\u00edtott\u00e1k tiszts\u00e9g\u00e9b\u0151l (1954. m\u00e1rc.). <br \/><strong>Irod.:<\/strong> Bartos 2012<\/br><\/p>\n","protected":false},"excerpt":{"rendered":"<p>? \u2020\u00a0? : hadnagy. \u2013 A sz\u00e1szr\u00e9geni rajoni Securitate f\u0151n\u00f6ke, hadnagy (1952), elt\u00e1vol\u00edtott\u00e1k tiszts\u00e9g\u00e9b\u0151l (1954. m\u00e1rc.). Irod.: Bartos 2012<\/p>\n","protected":false},"featured_media":0,"comment_status":"open","ping_status":"closed","template":"","meta":[],"product_brand":[],"product_cat":[137],"product_tag":[],"class_list":{"0":"post-5077","1":"product","2":"type-product","3":"status-publish","5":"product_cat-maros-megyei-eletrajzi-lexikon","7":"first","8":"instock","9":"shipping-taxable","10":"product-type-simple"},"_links":{"self":[{"href":"https:\/\/uj.adatbank.ro\/lexikon\/wp-json\/wp\/v2\/product\/5077","targetHints":{"allow":["GET"]}}],"collection":[{"href":"https:\/\/uj.adatbank.ro\/lexikon\/wp-json\/wp\/v2\/product"}],"about":[{"href":"https:\/\/uj.adatbank.ro\/lexikon\/wp-json\/wp\/v2\/types\/product"}],"replies":[{"embeddable":true,"href":"https:\/\/uj.adatbank.ro\/lexikon\/wp-json\/wp\/v2\/comments?post=5077"}],"wp:attachment":[{"href":"https:\/\/uj.adatbank.ro\/lexikon\/wp-json\/wp\/v2\/media?parent=5077"}],"wp:term":[{"taxonomy":"product_brand","embeddable":true,"href":"https:\/\/uj.adatbank.ro\/lexikon\/wp-json\/wp\/v2\/product_brand?post=5077"},{"taxonomy":"product_cat","embeddable":true,"href":"https:\/\/uj.adatbank.ro\/lexikon\/wp-json\/wp\/v2\/product_cat?post=5077"},{"taxonomy":"product_tag","embeddable":true,"href":"https:\/\/uj.adatbank.ro\/lexikon\/wp-json\/wp\/v2\/product_tag?post=5077"}],"curies":[{"name":"wp","href":"https:\/\/api.w.org\/{rel}","templated":true}]}}