{"id":5078,"date":"2025-06-28T17:02:24","date_gmt":"2025-06-28T15:02:24","guid":{"rendered":"https:\/\/uj.adatbank.ro\/lexikon\/termek\/bohm-david\/"},"modified":"2025-06-28T17:02:24","modified_gmt":"2025-06-28T15:02:24","slug":"bohm-david","status":"publish","type":"product","link":"https:\/\/uj.adatbank.ro\/lexikon\/termek\/bohm-david\/","title":{"rendered":"B\u00d6HM David"},"content":{"rendered":"<p>Kisdemeter, 1844. jan. 24., \u2020\u00a0? : tan\u00e1r. \u2013 Apja f\u00f6ldm\u0171ves. \u2013 A besztercei gimn. elv\u00e9gz\u00e9se ut\u00e1n a b\u00e9csi (1864. okt. 8. \u201366. j\u00fal. 15.), z\u00fcrichi (1867. \u00e1pr. 11. \u201367. szept. 9.), a m\u00fcncheni \u00e9s berlini (1871. \u00e1pr. 25. \u201371. aug. 1.) egy.-eken tanult teol\u00f3gi\u00e1t \u00e9s r\u00e9gi nyelveket. A sz\u00e1szr\u00e9geni gimn.-ban lett tan\u00e1r (1868\u2013), majd Bielitz-en (Szil\u00e9zia) lett ev. polg\u00e1ri iskola igazgat\u00f3ja nyugd\u00edjaz\u00e1s\u00e1ig (1882\u20131910), Rams bei Gloggnitzban, majd Hinterb\u00fchlben \u00e9lt. \u00c9rtekez\u00e9sei: Einfluss des Volkstribunates auf die Gestaltung der Verfassung w\u00e4hrend der Republik Beitr\u00e4ge, welche C. J. Caesar in seinen Commentarien De Bello Gallico zur Ethnologie der Germanen liefert, megjelentek a sz\u00e1szr\u00e9geni Re\u00e1lgimn\u00e1zium Programj\u00e1ban (1874, 1881). <br \/><strong>Irod.:<\/strong> A Magyro.-i k\u00f6z\u00e9piskol\u00e1kban 1850\u201355 \u2013ig megjelent \u00f6sszes programm\u00e9rtekez\u00e9sek repert\u00f3riuma (Bp., 1887); Szab\u00f3\u2013Simon\u2013Sz\u00f6gi; Szinnyei<\/br><\/p>\n","protected":false},"excerpt":{"rendered":"<p>Kisdemeter, 1844. jan. 24., \u2020\u00a0? : tan\u00e1r. \u2013 Apja f\u00f6ldm\u0171ves. \u2013 A besztercei gimn. elv\u00e9gz\u00e9se ut\u00e1n a b\u00e9csi (1864. okt. 8. \u201366. j\u00fal. 15.), z\u00fcrichi (1867. \u00e1pr. 11. \u201367. szept. 9.), a m\u00fcncheni \u00e9s berlini (1871. \u00e1pr. 25. \u201371. aug. 1.) egy.-eken tanult teol\u00f3gi\u00e1t \u00e9s r\u00e9gi nyelveket. A sz\u00e1szr\u00e9geni gimn.-ban lett tan\u00e1r (1868\u2013), majd Bielitz-en [&hellip;]<\/p>\n","protected":false},"featured_media":0,"comment_status":"open","ping_status":"closed","template":"","meta":[],"product_brand":[],"product_cat":[137],"product_tag":[],"class_list":{"0":"post-5078","1":"product","2":"type-product","3":"status-publish","5":"product_cat-maros-megyei-eletrajzi-lexikon","7":"first","8":"instock","9":"shipping-taxable","10":"product-type-simple"},"_links":{"self":[{"href":"https:\/\/uj.adatbank.ro\/lexikon\/wp-json\/wp\/v2\/product\/5078","targetHints":{"allow":["GET"]}}],"collection":[{"href":"https:\/\/uj.adatbank.ro\/lexikon\/wp-json\/wp\/v2\/product"}],"about":[{"href":"https:\/\/uj.adatbank.ro\/lexikon\/wp-json\/wp\/v2\/types\/product"}],"replies":[{"embeddable":true,"href":"https:\/\/uj.adatbank.ro\/lexikon\/wp-json\/wp\/v2\/comments?post=5078"}],"wp:attachment":[{"href":"https:\/\/uj.adatbank.ro\/lexikon\/wp-json\/wp\/v2\/media?parent=5078"}],"wp:term":[{"taxonomy":"product_brand","embeddable":true,"href":"https:\/\/uj.adatbank.ro\/lexikon\/wp-json\/wp\/v2\/product_brand?post=5078"},{"taxonomy":"product_cat","embeddable":true,"href":"https:\/\/uj.adatbank.ro\/lexikon\/wp-json\/wp\/v2\/product_cat?post=5078"},{"taxonomy":"product_tag","embeddable":true,"href":"https:\/\/uj.adatbank.ro\/lexikon\/wp-json\/wp\/v2\/product_tag?post=5078"}],"curies":[{"name":"wp","href":"https:\/\/api.w.org\/{rel}","templated":true}]}}