{"id":5081,"date":"2025-06-28T17:02:31","date_gmt":"2025-06-28T15:02:31","guid":{"rendered":"https:\/\/uj.adatbank.ro\/lexikon\/termek\/boie-vasile\/"},"modified":"2025-06-28T17:02:31","modified_gmt":"2025-06-28T15:02:31","slug":"boie-vasile","status":"publish","type":"product","link":"https:\/\/uj.adatbank.ro\/lexikon\/termek\/boie-vasile\/","title":{"rendered":"BOIE Vasile"},"content":{"rendered":"<p>Csokm\u00e1ny, 1941. j\u00fan. 12., \u2020 Mv., 1986. nov. 14.: alezredes. \u2013 A Bel\u00fcgyminiszt\u00e9rium tiszti iskol\u00e1j\u00e1ban v\u00e9gzett hadnagyk\u00e9nt (1965), a kv.-i egyetem jogi kar\u00e1n v\u00e9gzett (1968). A Maros megyei Mil\u00edcia k\u00f6zleked\u00e9si oszt\u00e1ly\u00e1nak helyettes vezet\u0151je, majd f\u0151n\u00f6ke. \u00c9rdemei\u00e9rt a RSZK \u00e9rdemrendjeivel \u00e9s \u00e9rdem\u00e9rmeivel t\u00fcntett\u00e9k ki. <br \/><strong>Irod.:<\/strong> B. V. alezredes [Nekrol\u00f3g] (V. Z., 1986. nov. 15.)<\/br><\/p>\n","protected":false},"excerpt":{"rendered":"<p>Csokm\u00e1ny, 1941. j\u00fan. 12., \u2020 Mv., 1986. nov. 14.: alezredes. \u2013 A Bel\u00fcgyminiszt\u00e9rium tiszti iskol\u00e1j\u00e1ban v\u00e9gzett hadnagyk\u00e9nt (1965), a kv.-i egyetem jogi kar\u00e1n v\u00e9gzett (1968). A Maros megyei Mil\u00edcia k\u00f6zleked\u00e9si oszt\u00e1ly\u00e1nak helyettes vezet\u0151je, majd f\u0151n\u00f6ke. \u00c9rdemei\u00e9rt a RSZK \u00e9rdemrendjeivel \u00e9s \u00e9rdem\u00e9rmeivel t\u00fcntett\u00e9k ki. Irod.: B. V. alezredes [Nekrol\u00f3g] (V. Z., 1986. nov. 15.)<\/p>\n","protected":false},"featured_media":0,"comment_status":"open","ping_status":"closed","template":"","meta":[],"product_brand":[],"product_cat":[137],"product_tag":[],"class_list":{"0":"post-5081","1":"product","2":"type-product","3":"status-publish","5":"product_cat-maros-megyei-eletrajzi-lexikon","7":"first","8":"instock","9":"shipping-taxable","10":"product-type-simple"},"_links":{"self":[{"href":"https:\/\/uj.adatbank.ro\/lexikon\/wp-json\/wp\/v2\/product\/5081","targetHints":{"allow":["GET"]}}],"collection":[{"href":"https:\/\/uj.adatbank.ro\/lexikon\/wp-json\/wp\/v2\/product"}],"about":[{"href":"https:\/\/uj.adatbank.ro\/lexikon\/wp-json\/wp\/v2\/types\/product"}],"replies":[{"embeddable":true,"href":"https:\/\/uj.adatbank.ro\/lexikon\/wp-json\/wp\/v2\/comments?post=5081"}],"wp:attachment":[{"href":"https:\/\/uj.adatbank.ro\/lexikon\/wp-json\/wp\/v2\/media?parent=5081"}],"wp:term":[{"taxonomy":"product_brand","embeddable":true,"href":"https:\/\/uj.adatbank.ro\/lexikon\/wp-json\/wp\/v2\/product_brand?post=5081"},{"taxonomy":"product_cat","embeddable":true,"href":"https:\/\/uj.adatbank.ro\/lexikon\/wp-json\/wp\/v2\/product_cat?post=5081"},{"taxonomy":"product_tag","embeddable":true,"href":"https:\/\/uj.adatbank.ro\/lexikon\/wp-json\/wp\/v2\/product_tag?post=5081"}],"curies":[{"name":"wp","href":"https:\/\/api.w.org\/{rel}","templated":true}]}}