{"id":5082,"date":"2025-06-28T17:02:33","date_gmt":"2025-06-28T15:02:33","guid":{"rendered":"https:\/\/uj.adatbank.ro\/lexikon\/termek\/boier-filip\/"},"modified":"2025-06-28T17:02:33","modified_gmt":"2025-06-28T15:02:33","slug":"boier-filip","status":"publish","type":"product","link":"https:\/\/uj.adatbank.ro\/lexikon\/termek\/boier-filip\/","title":{"rendered":"BOIER Filip"},"content":{"rendered":"<p>Maroslekence, 1798, \u2020 Maroslekence, 1861.: g\u00f6r\u00f6g kat. pap. \u2013 K\u00f6z\u00e9piskol\u00e1t Mv.-en, teol\u00f3gi\u00e1t Bal\u00e1zsfalv\u00e1n v\u00e9gzett (1817). T\u00edz \u00e9vig Bal\u00e1zsfalv\u00e1n tan\u00edtott, majd hal\u00e1l\u00e1ig pl\u00e9b\u00e1nos sz\u00fcl\u0151faluj\u00e1ban, Marosludas m\u00e1sod-esperese (1840\u2013). <br \/><strong>Irod.:<\/strong> Com\u015fa; Com\u015fa-Seiceanu<\/br><\/p>\n","protected":false},"excerpt":{"rendered":"<p>Maroslekence, 1798, \u2020 Maroslekence, 1861.: g\u00f6r\u00f6g kat. pap. \u2013 K\u00f6z\u00e9piskol\u00e1t Mv.-en, teol\u00f3gi\u00e1t Bal\u00e1zsfalv\u00e1n v\u00e9gzett (1817). T\u00edz \u00e9vig Bal\u00e1zsfalv\u00e1n tan\u00edtott, majd hal\u00e1l\u00e1ig pl\u00e9b\u00e1nos sz\u00fcl\u0151faluj\u00e1ban, Marosludas m\u00e1sod-esperese (1840\u2013). Irod.: Com\u015fa; Com\u015fa-Seiceanu<\/p>\n","protected":false},"featured_media":0,"comment_status":"open","ping_status":"closed","template":"","meta":[],"product_brand":[],"product_cat":[137],"product_tag":[],"class_list":{"0":"post-5082","1":"product","2":"type-product","3":"status-publish","5":"product_cat-maros-megyei-eletrajzi-lexikon","7":"first","8":"instock","9":"shipping-taxable","10":"product-type-simple"},"_links":{"self":[{"href":"https:\/\/uj.adatbank.ro\/lexikon\/wp-json\/wp\/v2\/product\/5082","targetHints":{"allow":["GET"]}}],"collection":[{"href":"https:\/\/uj.adatbank.ro\/lexikon\/wp-json\/wp\/v2\/product"}],"about":[{"href":"https:\/\/uj.adatbank.ro\/lexikon\/wp-json\/wp\/v2\/types\/product"}],"replies":[{"embeddable":true,"href":"https:\/\/uj.adatbank.ro\/lexikon\/wp-json\/wp\/v2\/comments?post=5082"}],"wp:attachment":[{"href":"https:\/\/uj.adatbank.ro\/lexikon\/wp-json\/wp\/v2\/media?parent=5082"}],"wp:term":[{"taxonomy":"product_brand","embeddable":true,"href":"https:\/\/uj.adatbank.ro\/lexikon\/wp-json\/wp\/v2\/product_brand?post=5082"},{"taxonomy":"product_cat","embeddable":true,"href":"https:\/\/uj.adatbank.ro\/lexikon\/wp-json\/wp\/v2\/product_cat?post=5082"},{"taxonomy":"product_tag","embeddable":true,"href":"https:\/\/uj.adatbank.ro\/lexikon\/wp-json\/wp\/v2\/product_tag?post=5082"}],"curies":[{"name":"wp","href":"https:\/\/api.w.org\/{rel}","templated":true}]}}